{"id":262,"date":"2021-12-31T04:01:26","date_gmt":"2021-12-31T04:01:26","guid":{"rendered":"https:\/\/whbc-pc.rachelandalex.com\/?page_id=262"},"modified":"2022-05-29T02:40:21","modified_gmt":"2022-05-29T02:40:21","slug":"safe-sleep-4","status":"publish","type":"page","link":"https:\/\/worcesterhealthybaby.org\/pc\/pt\/safe-sleep-4\/","title":{"rendered":"Sono Seguro"},"content":{"rendered":"<h3>Porque estamos trazendo \u201cWorcester Projeto Beb\u00eas Seguros\u201d para Worcester?<\/h3>\n<div>\n    <p>O Projeto Beb\u00eas Seguros, foi criado na cidade de Worcester para ajudar a reduzir a taxa de mortalidade infantil na cidade. O termo mortalidade infantil, refere-se ao n\u00famero de mortes de beb\u00eas no primeiro ano de vida do beb\u00ea. Por in\u00fameras raz\u00f5es, na cidade de Worcester h\u00e1 mais beb\u00eas morrendo no primeiro ano comparado com cidades de tamanho similares em Massachusetts. Em 2016, a WHBC, foi at\u00e9 as comunidades para perguntar: \u201cO que podemos ou devemos fazer em rela\u00e7\u00e3o a isso?\u201d Uma das ideias que escutamos foi fornecer \u00e0s fam\u00edlias um espa\u00e7o seguro para o beb\u00ea dormir, por exemplo, um \u201ccercadinho para beb\u00eas\u201d, uma cesta-ber\u00e7o, ou um ber\u00e7o port\u00e1til como presentes, al\u00e9m de informa\u00e7\u00f5es aos novos pais. Desde ent\u00e3o, decidimos chamar aten\u00e7\u00e3o para essa estrat\u00e9gia, n\u00e3o para ber\u00e7o port\u00e1til por si, mas para unir as comunidades e as ag\u00eancias comunit\u00e1rias para ajudar as novas fam\u00edlias a terem conhecimento dos recursos dispon\u00edveis na cidade. Um dos maiores objetivos do projeto, \u00e9 promover materiais educacionais sobre a import\u00e2ncia de os beb\u00eas dormirem seguros e outras pr\u00e1ticas de sa\u00fade em l\u00ednguas diferentes porque sabemos da diversidade de culturas e idiomas presentes em Worcester. Com esta iniciativa, esperamos ajudar as novas fam\u00edlias e eventualmente reduzir nossa taxa de mortalidade de beb\u00eas.<\/p>\n\n<\/div>\n<hr class=\"featurette-divider\" style=\"margin:3rem 0\">\n\n<div class=\"row\">\r\n    <div class=\"col-md-7\">\r\n        <h3>\r\n            Como meu beb\u00ea deve dormir no \u201ccercadinho para beb\u00eas\u201d, cesta-ber\u00e7o ou no ber\u00e7o port\u00e1til?\r\n        <\/h3>\r\n        <div>\r\n            <p>Seu beb\u00ea deve dormir sozinho no \u201ccercadinho para beb\u00eas\u201d, na cesta-ber\u00e7o ou no ber\u00e7o port\u00e1til com nada al\u00e9m do colch\u00e3o e um len\u00e7ol bem ajustado; de costas, de barriga para cima. Isto significa que nenhum animal de pel\u00facia ou cobertores dever\u00e3o estar no ber\u00e7o com o seu beb\u00ea. Os resultados demonstram que esta \u00e9 a maneira mais segura para o beb\u00ea dormir.  Os beb\u00eas podem dormir em um cobertor de vestir chamado saco de dormir, que fica pr\u00f3ximo ao corpo do beb\u00ea e n\u00e3o chega perto do seu rosto. O \u201ccercadinho para beb\u00eas\u201d, a cesta-ber\u00e7o ou o ber\u00e7o port\u00e1til, deve ser colocado em um lugar onde nada possa cair dentro dele e longe de aquecedores, velas ou qualquer coisa que possa iniciar um inc\u00eandio.<\/p>\n\r\n        <\/div>\r\n    <\/div>\r\n    <div class=\"col-md-5\">\r\n        <img decoding=\"async\" src=\"https:\/\/worcesterhealthybaby.org\/pc\/wp-content\/uploads\/2022\/01\/babybox_c.jpg\" class=\"img-fluid img-7-qa\" \/>\r\n    <\/div>\r\n<\/div>\r\n<hr class=\"featurette-divider\" style=\"margin:3rem 0\">\n\n<h3>A cabe\u00e7a do meu beb\u00ea ficar\u00e1 achatada\/deformada se ele sempre dormir de costas?<\/h3>\n<div>\n    <p>A cabe\u00e7a do beb\u00ea ficar\u00e1 achatada\/deformada se ele s\u00f3 ficar sempre na mesma posi\u00e7\u00e3o de costas, mesmo que esteja acordado. O importante n\u00e3o \u00e9 tanto a posi\u00e7\u00e3o na qual os beb\u00eas dormem e sim a posi\u00e7\u00e3o que eles ficam quando est\u00e3o acordados. O tempo que os beb\u00eas ficam com as m\u00e3es encostando barriga em barriga ir\u00e1 permitir que o beb\u00ea use o seu pesco\u00e7o e os m\u00fasculos dos ombros. Os assentos de beb\u00ea ou os assentos de beb\u00eas para carros tamb\u00e9m removem a press\u00e3o da cabe\u00e7a enquanto acordados. De qualquer modo, \u00e9 importante que o seu beb\u00ea n\u00e3o durma no assento\/cadeira de beb\u00eas ou assento de beb\u00eas para carro por muito tempo. O \u201ccercadinho para beb\u00eas\u201d, a cesta-ber\u00e7o ou o ber\u00e7o port\u00e1til, \u00e9 o local mais seguro para o seu beb\u00ea dormir. Voc\u00ea poder\u00e1 sempre tamb\u00e9m carregar e segurar o seu beb\u00ea enquanto ele estiver acordado para prevenir que a cabe\u00e7a fique achatada\/deformada. <\/p>\n\n<\/div>\n<hr class=\"featurette-divider\" style=\"margin:3rem 0\">\n\n<h3>O que mais eu posso fazer para deixar o meu ber\u00e7o seguro?<\/h3>\n<div>\n    <p>Se voc\u00ea usa um ber\u00e7o o colch\u00e3o deve ser bastante firme por isso certifique-se que o colch\u00e3o atende \u00e0s especifica\u00e7\u00f5es e os regulamentos de seguran\u00e7a necess\u00e1rias. N\u00f3s n\u00e3o recomendamos usar um protetor de ber\u00e7o porque isto pode acidentalmente cobrir a boca do beb\u00ea. Mantenha o ber\u00e7o, o \u201ccercadinho para beb\u00eas\u201d ou o ber\u00e7o port\u00e1til, livre de objetos, sem nada dentro, como animais de pel\u00facia ou cobertores. O beb\u00ea deve dormir sozinho, sem ningu\u00e9m ou nada mais no ber\u00e7o, no \u201ccercadinho para beb\u00eas\u201d ou no ber\u00e7o port\u00e1til. <\/p>\n\n<\/div>\n<hr class=\"featurette-divider\" style=\"margin:3rem 0\">\n\n<h3>E se meu beb\u00ea adormecer comigo?<\/h3>\n<div>\n    <p>Essa \u00e9 uma excelente pergunta j\u00e1 que muitos pais ficam com os beb\u00eas nos bra\u00e7os at\u00e9 que eles adorme\u00e7am. Desde que voc\u00ea esteja acordada n\u00e3o tem problema de voc\u00ea estar com o beb\u00ea nos seus bra\u00e7os enquanto ele dorme. Se voc\u00ea usa um saco de beb\u00eas ou um \u201cSling\u201d, fita de pano que envolve o beb\u00ea e a m\u00e3e, voc\u00ea precisa ter bastante cuidado, especialmente quando o beb\u00ea \u00e9 novinho, para apoiar bem a cabecinha do beb\u00ea e assegurar-se que o rosto dele n\u00e3o est\u00e1 coberto com o pano. O que \u00e9 realmente perigoso \u00e9 voc\u00ea cair no sono, dormir junto com o seu beb\u00ea. Voc\u00ea deve colocar o seu beb\u00ea em um local seguro como o \u201ccercadinho para beb\u00eas\u201d, a cesta-ber\u00e7o ou o ber\u00e7o port\u00e1til antes que voc\u00ea adorme\u00e7a. Outra coisa que n\u00e3o recomendamos \u00e9 deixar seu beb\u00ea dormir no assento do carro ou na cadeirinha de beb\u00eas; apesar dos beb\u00eas adormecerem com o movimento do carro, eles deveriam dormir num lugar seguro como o \u201ccercadinho para beb\u00eas\u201d, cesta-ber\u00e7o ou o ber\u00e7o port\u00e1til.<\/p>\n\n<\/div>\n<hr class=\"featurette-divider\" style=\"margin:3rem 0\">","protected":false},"excerpt":{"rendered":"","protected":false},"author":1,"featured_media":211,"parent":0,"menu_order":0,"comment_status":"closed","ping_status":"closed","template":"content-page.php","meta":{"_acf_changed":false,"om_disable_all_campaigns":false,"_monsterinsights_skip_tracking":false,"_monsterinsights_sitenote_active":false,"_monsterinsights_sitenote_note":"","_monsterinsights_sitenote_category":0,"footnotes":""},"class_list":["post-262","page","type-page","status-publish","has-post-thumbnail","hentry"],"acf":[],"aioseo_notices":[],"_links":{"self":[{"href":"https:\/\/worcesterhealthybaby.org\/pc\/wp-json\/wp\/v2\/pages\/262","targetHints":{"allow":["GET"]}}],"collection":[{"href":"https:\/\/worcesterhealthybaby.org\/pc\/wp-json\/wp\/v2\/pages"}],"about":[{"href":"https:\/\/worcesterhealthybaby.org\/pc\/wp-json\/wp\/v2\/types\/page"}],"author":[{"embeddable":true,"href":"https:\/\/worcesterhealthybaby.org\/pc\/wp-json\/wp\/v2\/users\/1"}],"replies":[{"embeddable":true,"href":"https:\/\/worcesterhealthybaby.org\/pc\/wp-json\/wp\/v2\/comments?post=262"}],"version-history":[{"count":5,"href":"https:\/\/worcesterhealthybaby.org\/pc\/wp-json\/wp\/v2\/pages\/262\/revisions"}],"predecessor-version":[{"id":573,"href":"https:\/\/worcesterhealthybaby.org\/pc\/wp-json\/wp\/v2\/pages\/262\/revisions\/573"}],"wp:featuredmedia":[{"embeddable":true,"href":"https:\/\/worcesterhealthybaby.org\/pc\/wp-json\/wp\/v2\/media\/211"}],"wp:attachment":[{"href":"https:\/\/worcesterhealthybaby.org\/pc\/wp-json\/wp\/v2\/media?parent=262"}],"curies":[{"name":"wp","href":"https:\/\/api.w.org\/{rel}","templated":true}]}}