{"id":265,"date":"2021-12-31T11:29:15","date_gmt":"2021-12-31T11:29:15","guid":{"rendered":"https:\/\/whbc-pc.rachelandalex.com\/?page_id=265"},"modified":"2022-05-29T01:17:11","modified_gmt":"2022-05-29T01:17:11","slug":"safe-sleep-5","status":"publish","type":"page","link":"https:\/\/worcesterhealthybaby.org\/pc\/vi\/safe-sleep-5\/","title":{"rendered":"Gi\u1ea5c ng\u1ee7 an to\u00e0n"},"content":{"rendered":"<h3>T\u1ea1i sao ch\u00fang t\u00f4i l\u1ea1i \u0111\u01b0a Ch\u01b0\u01a1ng Tr\u00ecnh H\u1ed9p Cho B\u00e9 \u0111\u1ebfn Worcester?<\/h3>\n<div>\n    <p>D\u1ef1 \u00e1n an to\u00e0n cho em b\u00e9 Worcester \u0111ang \u0111\u01b0\u1ee3c \u0111\u01b0a \u0111\u1ebfnTh\u00e0nh ph\u1ed1 Worcester \u0111\u1ec3 gi\u00fap gi\u1ea3m t\u1ef7 l\u1ec7 t\u1eed vong \u1edf tr\u1ebb s\u01a1 sinh t\u1ea1i th\u00e0nh ph\u1ed1 n\u00e0y. Tr\u1ebb s\u01a1 sinh t\u1eed vong l\u00e0 tr\u01b0\u1eddng h\u1ee3p m\u1ed9t em b\u00e9 qua \u0111\u1eddi trong n\u0103m \u0111\u1ea7u ti\u00ean c\u1ee7a cu\u1ed9c \u0111\u1eddi b\u00e9. V\u00ec l\u00fd do n\u00e0o \u0111\u00f3, Worcester c\u00f3 nhi\u1ec1u em b\u00e9 t\u1eed vong trong n\u0103m \u0111\u1ea7u ti\u00ean ch\u00e0o \u0111\u1eddi h\u01a1n so v\u1edbi c\u00e1c th\u00e0nh ph\u1ed1 kh\u00e1c c\u00f3 k\u00edch th\u01b0\u1edbc t\u01b0\u01a1ng t\u1ef1 \u1edf Massachusetts. V\u00e0o n\u0103m 2016, nh\u00f3m c\u1ed9ng t\u00e1c em b\u00e9 Worcester kho\u1ebb m\u1ea1nh \u0111\u00e3 t\u1edbi c\u00f4ng \u0111\u1ed3ng \u0111\u1ec3 d\u1eb7t c\u00e2u h\u1ecfi: \u201cCh\u00fang t\u00f4i n\u00ean l\u00e0m g\u00ec \u0111\u1ec3 gi\u1ea3i quy\u1ebft vi\u1ec7c n\u00e0y?\u201d M\u1ed9t trong nh\u1eefng \u00fd t\u01b0\u1edfng m\u00e0 ch\u00fang t\u00f4i \u0111\u01b0\u1ee3c nghe n\u00f3i t\u1edbi l\u00e0 cung c\u1ea5p cho nh\u1eefng gia \u0111\u00ecnh m\u1ed9t n\u01a1i ng\u0169 an to\u00e0n nh\u01b0 gi\u01b0\u1eddng n\u00f4i, n\u00f4i l\u1eafc, hay c\u00e1i khung cho b\u00e9 ch\u01a1i c\u00f9ng v\u1edbi c\u00e1c m\u00f3n qu\u00e0 v\u00e0 th\u00f4ng tin d\u00e0nh cho nh\u1eefng cha m\u1eb9 m\u1edbi c\u00f3 con l\u1ea7n \u0111\u1ea7u. V\u00ec v\u1eady, ch\u00fang t\u00f4i quy\u1ebft \u0111\u1ecbnh l\u00e0 ch\u00fang t\u00f4i c\u0169ng mu\u1ed1n \u0111\u01b0a \u00fd ki\u1ebfn n\u00e0y \u0111\u1ebfn th\u00e0nh ph\u1ed1 Worcester, kh\u00f4ng nh\u1eefng ch\u1ec9 khung cho b\u00e9 ch\u01a1i  m\u00e0 c\u00f2n \u0111\u1ec3 li\u00ean k\u1ebft c\u1ed9ng \u0111\u1ed3ng v\u00e0 c\u00e1c c\u01a1 quan c\u1ed9ng \u0111\u1ed3ng nh\u1eb1m gi\u00fap c\u00e1c gia \u0111\u00ecnh tr\u1ebb bi\u1ebft \u0111\u1ebfn c\u00e1c ngu\u1ed3n tr\u1ee3 gi\u00fap \u0111\u1ecba ph\u01b0\u01a1ng hi\u1ec7n c\u00f3 s\u1eb5n trong c\u1ed9ng \u0111\u1ed3ng. M\u1ee5c \u0111\u00edch ch\u00ednh c\u1ee7a d\u1ef1 \u00e1n l\u00e0 cung c\u1ea5p c\u00e1c t\u00e0i li\u1ec7u gi\u00e1o d\u1ee5c s\u1eb5n c\u00f3 v\u1ec1 gi\u1ea5c ng\u0169 an to\u00e0n v\u00e0 th\u1ef1c h\u00e0nh s\u1ee9c kh\u1ecfe kh\u00e1c b\u1eb1ng nhi\u1ec1u ng\u00f4n ng\u1eef b\u1edfi v\u00ec ch\u00fang t\u00f4i bi\u1ebft t\u1ea1i th\u00e0nh ph\u1ed1  Worcester th\u00ec \u0111a d\u1ea1ng v\u1ec1 v\u0103n h\u00f3a v\u00e0 ng\u00f4n ng\u1eef. Ch\u00fang t\u00f4i hy v\u1ecdng d\u1ef1 \u00e1n n\u00e0y s\u1ebd  gi\u00fap \u00edch cho c\u00e1c gia \u0111\u00ecnh tr\u1ebb, v\u00e0 sau c\u00f9ng s\u1ebd gi\u00fap gi\u1ea3m t\u1ef7 l\u1ec7 t\u1eed vong \u1edf tr\u1ebb s\u01a1 sinh.<\/p>\n\n<\/div>\n<hr class=\"featurette-divider\" style=\"margin:3rem 0\">\n\n<div class=\"row\">\r\n    <div class=\"col-md-7\">\r\n        <h3>\r\n            Con t\u00f4i n\u00ean ng\u1ee7 trong g\u01b0\u1eddng n\u00f4i, n\u00f4i l\u1eafc, v\u00e0 khung b\u00e9 ch\u01a1i nh\u01b0 th\u1ebf n\u00e0o?\r\n        <\/h3>\r\n        <div>\r\n            <p>Con b\u1ea1n n\u00ean ng\u1ee7 ri\u00eang trong g\u01b0\u1eddng n\u00f4i, n\u00f4i l\u1eafc, v\u00e0 khung b\u00e9 ch\u01a1i m\u00e0 kh\u00f4ng c\u00f3 b\u1ea5t k\u1ef3 th\u1ee9 g\u00ec tr\u1eeb t\u1ea5m n\u1ec7m-    v\u00e0 mi\u1ebfng v\u1ea3i b\u1ecdc n\u1ec7m  em b\u00e9 ng\u1ee7 n\u1eb1m ng\u1eeda.  kh\u00f4ng c\u00f3th\u00fa nh\u1ed3i b\u00f4ng ho\u1eb7c ch\u0103n m\u1ec1n  trong g\u01b0\u1eddng b\u00e9 ng\u1ee7. \u0110\u00e2y l\u00e0 t\u01b0 th\u1ebf ng\u1ee7 an to\u00e0n nh\u1ea5t cho em b\u00e9, em b\u00e9 c\u00f3 th\u1ec3 ng\u1ee7 trong chi\u1ebfc m\u1ec1n l\u00e0m th\u00e0nh \u00e1o v\u00e0 n\u00f3 c\u00f3 th\u1ec3 b\u1ecdc t\u00f2an c\u01a1 th\u1ec3 c\u1ee7a em b\u00e9 v\u00e0 kh\u00f4ng \u0111\u01b0\u1ee3c b\u1ecdc g\u1ea7n m\u1eb7t c\u00f9a em b\u00e9. C\u00e1i n\u00f4i l\u1eafc hay khung ch\u01a1i c\u1ee7a em b\u00e9 n\u00ean \u0111\u1eb7t nh\u1eefng n\u01a1i kh\u00f4ng r\u01a1i xu\u1ed1ng \u0111\u01b0\u1ee3c , v\u00e0 tr\u00e1nh  n\u01a1i c\u00f3 l\u00f2 s\u01b0\u1edfi, \u0111\u00e8n c\u1ea7y, hay b\u1ea5t c\u1ee9 v\u1eadt g\u00ec c\u00f3 th\u1ec3 g\u00e2y ho\u1ea3 ho\u1ea1n.<\/p>\n\r\n        <\/div>\r\n    <\/div>\r\n    <div class=\"col-md-5\">\r\n        <img decoding=\"async\" src=\"https:\/\/worcesterhealthybaby.org\/pc\/wp-content\/uploads\/2022\/01\/babybox_c.jpg\" class=\"img-fluid img-7-qa\" \/>\r\n    <\/div>\r\n<\/div>\r\n<hr class=\"featurette-divider\" style=\"margin:3rem 0\">\n\n<h3>\u0110\u1ea7u c\u1ee7a con t\u00f4i c\u00f3 b\u1ecb b\u1eb9p kh\u00f4ng n\u1ebfu em b\u00e9  ng\u1ee7 n\u1eb1m ng\u1eeda ho\u00e0i?<\/h3>\n<div>\n    <p>C\u00e1c em b\u00e9 s\u1ebd b\u1ecb b\u1eb9p \u0111\u1ea7u n\u1ebfu  ng\u1ee7 c\u00f9ng m\u1ed9t t\u01b0 th\u1ebf n\u1eb1m ng\u1eeda ho\u00e0i, ngay c\u1ea3 khi \u0111ang th\u1ee9c. \u0110i\u1ec1uquan tr\u1ecdng kh\u00f4ng ph\u1ea3i l\u00e0 t\u01b0 th\u1ebf ng\u1ee7 c\u1ee7a b\u00e9  m\u00e0 l\u00e0 t\u01b0 th\u1ebf khi b\u00e9 th\u1ee9c &#8211; th\u1eddi gian n\u1eb1m s\u1ea5p c\u00f3 ng\u01b0\u1eddi gi\u00e1m s\u00e1t s\u1ebd gi\u00fap c\u00e1c em s\u1eed d\u1ee5ng c\u00e1c c\u01a1 c\u1ed5 v\u00e0 vai, ho\u1eb7c  gh\u1ebf d\u00e0nh cho tr\u1ebbs\u01a1 sinh hay gh\u1ebf \u0111\u1eb7t trong xe c\u0169ng tr\u00e1nh \u0111\u01b0\u1ee3cl\u1ef1c \u0111\u00e8 l\u00ean \u0111\u1ea7u c\u1ee7a  em b\u00e9 khi th\u1ee9c. Tuy nhi\u00ean, \u0111i\u1ec1n quan tr\u1ecdng kh\u00f4ng n\u00ean \u0111\u1ec3 em b\u00e9 ng\u1ee7 trong m\u1ed9t gh\u1ebf xe ho\u1eb7c chi\u1ebfc gh\u1ebf ng\u1ed3i trong m\u1ed9t th\u1eddi gian d\u00e0i \u2013 G\u01b0\u1eddng n\u00f4i, n\u00f4i l\u1eafc, hay khung ch\u01a1i c\u1ee7a b\u00e9  l\u00e0 n\u01a1i cho  b\u00e9 ng\u1ee7 an to\u00e0n nh\u1ea5t. B\u1ea1n c\u0169ng c\u00f3 th\u1ec3 b\u1ed3ng em b\u00e9 l\u00fac em \u0111ang th\u1ee9c \u0111\u1ec3 tr\u00e1nh ph\u00eda sau \u0111\u1ea7u c\u1ee7a b\u00e9 b\u1ecb b\u1eb9p.<\/p>\n\n<\/div>\n<hr class=\"featurette-divider\" style=\"margin:3rem 0\">\n\n<h3>T\u00f4i c\u00f3 th\u1ec3 l\u00e0m g\u00ec kh\u00e1c \u0111\u1ec3 b\u1ea3o \u0111\u1ea3m g\u01b0\u1eddng n\u00f4i,n\u00f4i l\u1eafc,khung em b\u00e9 ch\u01a1i an to\u00e0n?<\/h3>\n<div>\n    <p>N\u1ebfu b\u1ea1n s\u1eed d\u1ee5ng g\u01b0\u1eddng n\u00f4i, n\u00ean d\u00f9ng lo\u1ea1i n\u1ec7m r\u1ea5t ch\u1eafc ch\u1eafn, \u0111\u1ec3 b\u1ea3o \u0111\u1ea3m ph\u00f9 h\u1ee3p v\u1edbi quy \u0111\u1ecbnh. Ch\u00fangt\u00f4i khuy\u00ean b\u1ea1n kh\u00f4ng n\u00ean d\u00f9ng  c\u00e1c t\u1ea5m ch\u1eafn xung quanh g\u01b0\u1eddng n\u00f4i v\u00ec t\u1ea5m ch\u1eafn  c\u00f3 th\u1ec3 che mi\u1ec7ng c\u1ee7a em b\u00e9. Kh\u00f4ng \u0111\u1ec3 c\u00e1c \u0111\u1ed3 v\u1eadt trong g\u01b0\u1eddng n\u00f4i, n\u00f4i l\u1eafc, khung ch\u01a1i c\u1ee7a b\u00e9 nh\u1eefng th\u00fa nh\u1ed3i b\u00f4ng ho\u1eb7c ch\u0103nm\u1ec1n. Em b\u00e9 n\u00ean ng\u1ee7 m\u1ed9t m\u00ecnh ri\u00eang bi\u1ec7t, kh\u00f4ng c\u00f3 ai ho\u1eb7c b\u1ea5t c\u1ee9 \u0111\u1ed3 v\u1eadt kh\u00e1c trong g\u01b0\u1eddng, n\u00f4i c\u1ee7a b\u00e9.<\/p>\n\n<\/div>\n<hr class=\"featurette-divider\" style=\"margin:3rem 0\">\n\n<h3>N\u1ebfu em b\u00e9 ng\u1ee7 thi\u1ebfp \u0111i khi \u0111ang \u1edf v\u1edbi t\u00f4i th\u00ec sao?<\/h3>\n<div>\n    <p>\u0110\u00e2y l\u00e0 c\u00e2u h\u1ecfi r\u1ea5t hay v\u00ec nhi\u1ec1u b\u1eadc cha m\u1eb9 \u00f4m n\u1ef1ng em b\u00e9 cho \u0111\u1ebfn khi em b\u00e9 r\u01a1i v\u00e0o gi\u1ea5c ng\u1ee7. Mi\u1ec5n l\u00e0 b\u1ea1n c\u00f2n th\u1ee9c, th\u00ec b\u1ea1n v\u1eabn c\u00f3 th\u1ec3 b\u1ed3ng em b\u00e9 trong khi em b\u00e9 \u0111ang ng\u1ee7. N\u1ebfu d\u00f9ng \u0111\u1ecbu, b\u1ea1n n\u00ean th\u1eadn tr\u1ecdng (\u0111\u1eb7c bi\u1ec7t l\u00e0 khi em b\u00e9 c\u00f2n r\u1ea5t nh\u1ecf) \u0111\u1ec3 \u0111\u1ee1 \u0111\u1ea7u em b\u00e9 v\u00e0 b\u1ea3o \u0111\u1ea3m l\u00e0 m\u1eb7t em kh\u00f4ng b\u1ecb v\u1ea3i che ph\u1ee7. \u0110i\u1ec1u nguy hi\u1ec3m x\u1ea3y ra n\u1ebfu b\u1ea1n ng\u1ee7 thi\u1ebfp \u0111i c\u00f9ng v\u1edbi con b\u1ea1n, . B\u1ea1n n\u00ean \u0111\u1eb7t em b\u00e9 v\u00e0o m\u1ed9t n\u01a1i ng\u1ee7 an to\u00e0n, ch\u1eb3ng h\u1ea1n g\u01b0\u1eddng ,n\u00f4i, hay khung ch\u01a1i c\u1ee7a b\u00e9 tr\u01b0\u1edbc khi b\u1ea1n ng\u1ee7 thi\u1ebfp \u0111i. M\u1ed9t vi\u1ec7c kh\u00e1c m\u00e0 ch\u00fang t\u00f4i kh\u00f4ng mu\u1ed1n b\u1ea1n  \u0111\u1ec3 em b\u00e9 ng\u1ee7 l\u00e2u trong gh\u1ebf xe ho\u1eb7c gh\u1ebf d\u00e0nh cho tr\u1ebb s\u01a1 sinh, ngay c\u1ea3 khi c\u00e1c em ng\u1ee7 thi\u1ebfp \u0111i v\u00ec s\u1ef1 di \u0111\u1ed9ng  c\u1ee7a xe, c\u00e1c em c\u0169ng n\u00ean \u0111\u01b0\u1ee3c ng\u1ee7 \u1edf m\u1ed9t n\u01a1i an to\u00e0n, ch\u1eb3ng h\u1ea1n nh\u01b0 g\u01b0\u1eddng n\u00f4i d\u00e0nh cho em B\u00e9.<\/p>\n\n<\/div>\n<hr class=\"featurette-divider\" style=\"margin:3rem 0\">","protected":false},"excerpt":{"rendered":"","protected":false},"author":1,"featured_media":211,"parent":0,"menu_order":0,"comment_status":"closed","ping_status":"closed","template":"content-page.php","meta":{"_acf_changed":false,"om_disable_all_campaigns":false,"_monsterinsights_skip_tracking":false,"_monsterinsights_sitenote_active":false,"_monsterinsights_sitenote_note":"","_monsterinsights_sitenote_category":0,"footnotes":""},"class_list":["post-265","page","type-page","status-publish","has-post-thumbnail","hentry"],"acf":[],"aioseo_notices":[],"_links":{"self":[{"href":"https:\/\/worcesterhealthybaby.org\/pc\/wp-json\/wp\/v2\/pages\/265","targetHints":{"allow":["GET"]}}],"collection":[{"href":"https:\/\/worcesterhealthybaby.org\/pc\/wp-json\/wp\/v2\/pages"}],"about":[{"href":"https:\/\/worcesterhealthybaby.org\/pc\/wp-json\/wp\/v2\/types\/page"}],"author":[{"embeddable":true,"href":"https:\/\/worcesterhealthybaby.org\/pc\/wp-json\/wp\/v2\/users\/1"}],"replies":[{"embeddable":true,"href":"https:\/\/worcesterhealthybaby.org\/pc\/wp-json\/wp\/v2\/comments?post=265"}],"version-history":[{"count":5,"href":"https:\/\/worcesterhealthybaby.org\/pc\/wp-json\/wp\/v2\/pages\/265\/revisions"}],"predecessor-version":[{"id":554,"href":"https:\/\/worcesterhealthybaby.org\/pc\/wp-json\/wp\/v2\/pages\/265\/revisions\/554"}],"wp:featuredmedia":[{"embeddable":true,"href":"https:\/\/worcesterhealthybaby.org\/pc\/wp-json\/wp\/v2\/media\/211"}],"wp:attachment":[{"href":"https:\/\/worcesterhealthybaby.org\/pc\/wp-json\/wp\/v2\/media?parent=265"}],"curies":[{"name":"wp","href":"https:\/\/api.w.org\/{rel}","templated":true}]}}