{"id":267,"date":"2021-12-31T12:21:52","date_gmt":"2021-12-31T12:21:52","guid":{"rendered":"https:\/\/whbc-pc.rachelandalex.com\/?page_id=267"},"modified":"2022-05-29T02:42:51","modified_gmt":"2022-05-29T02:42:51","slug":"breastfeeding-4","status":"publish","type":"page","link":"https:\/\/worcesterhealthybaby.org\/pc\/pt\/breastfeeding-4\/","title":{"rendered":"Amamenta\u00e7\u00e3o"},"content":{"rendered":"<h3>Por que \u00e9 importante amamentar? <\/h3>\n<div>\n    <p>Amamentar \u00e9 muito importante para estabelecer uma rela\u00e7\u00e3o \u00fanica entre a m\u00e3e e o beb\u00ea. Atrav\u00e9s da amamenta\u00e7\u00e3o a m\u00e3e promove imunidade ao beb\u00ea e tamb\u00e9m auxilia na proteger contra os riscos de morte s\u00fabita dos beb\u00eas. Logo ap\u00f3s o parto, os beb\u00eas s\u00e3o imediatamente colocados no peito de suas m\u00e3es para estimular a produ\u00e7\u00e3o do leite materno. O corpo humano \u00e9 muito inteligente, e sabe exatamente o quanto de leite precisa produzir. O primeiro leite produzido pela m\u00e3e \u00e9 chamado Colostro, e \u00e9 bem concentrado em anticorpos e prote\u00ednas que ser\u00e3o extremamente ben\u00e9ficos para a habilidade do beb\u00ea de combater doen\u00e7as e crescer. <\/p>\n<p>Para os membros da fam\u00edlia e para maridos\/parceiros, \u00e9 importante dar total apoio \u2013 amamentar \u00e9 natural. Sendo bom para a m\u00e3e, bom para o beb\u00ea e bom para a fam\u00edlia toda. Amentar \u00e9 encorajador, n\u00e3o frustrante. Encoraje a voc\u00ea mesma a aprender sobre os benef\u00edcios da amamenta\u00e7\u00e3o, e assim voc\u00ea possa ensinar o seu parceiro.  Existe uma posi\u00e7\u00e3o espec\u00edfica para o beb\u00ea amamentar corretamente no peito da m\u00e3e, para ajudar no reflexo de suc\u00e7\u00e3o. Com a ajuda do seu parceiro, voc\u00ea ter\u00e1 uma maior chance de ter uma amamenta\u00e7\u00e3o saud\u00e1vel e satisfat\u00f3ria.<\/p>\n\n<\/div>\n<hr class=\"featurette-divider\" style=\"margin:3rem 0\">\n\n<h3>Com que frequ\u00eancia e por quanto tempo meu beb\u00ea deve ser amamentado? <\/h3>\n<div>\n    <p>Em m\u00e9dia um beb\u00ea amamenta entre 8 e 12 vezes durante o per\u00edodo de 24 horas, mas o tempo amamentando pode variar. Assim como adultos, a alimenta\u00e7\u00e3o infantil tamb\u00e9m pode variar de um dia para o outro. Talvez o seu beb\u00ea possa amamentar por 5 minutos e ficar satisfeito. O beb\u00ea poder\u00e1 tamb\u00e9m querer amamentar por apenas um dos seios, ou pelos dois. N\u00f3s recomendamos que voc\u00ea siga as iniciativas e dicas do seu beb\u00ea. Caso o seu beb\u00ea esteja dando dicas que est\u00e1 com fome, ofere\u00e7a o peito para amamenta\u00e7\u00e3o. Se o beb\u00ea estiver satisfeito, ele n\u00e3o ir\u00e1 mais querer ficar junto do peito para amamentar. <\/p>\n\n<\/div>\n<hr class=\"featurette-divider\" style=\"margin:3rem 0\">\n\n<h3>Como saberei se o beb\u00ea est\u00e1 tomando leite o suficiente? <\/h3>\n<div>\n    <p>Existem v\u00e1rios sinais que indicam que os beb\u00eas est\u00e3o recebendo leite materno o suficiente. Alguns destes sinais podem ser observados pelas pr\u00f3prias m\u00e3es. Por exemplo, o movimento ativo do queixo, chupar algumas vezes e parar, \u00e9 um sinal importante que o seu beb\u00ea est\u00e1 recebendo leite materno o suficiente. \u00c0s vezes voc\u00ea poder\u00e1 tamb\u00e9m escutar o beb\u00ea engolindo o leite durante a amamenta\u00e7\u00e3o. De qualquer modo, caso voc\u00ea n\u00e3o escute o beb\u00ea engolindo, n\u00e3o \u00e9 necess\u00e1rio ficar em p\u00e2nico e n\u00e3o \u00e9 um sinal que o beb\u00ea n\u00e3o est\u00e1 recebendo leite materno suficiente. Alguns dos sinais que percebemos quando o beb\u00ea est\u00e1 satisfeito, \u00e9 quando o beb\u00ea fica sonolento ou pega no sono amamentando no peito. Caso isso aconte\u00e7a, \u00e9 um sinal que o beb\u00ea n\u00e3o est\u00e1 mais com fome. Caso o beb\u00ea ainda esteja acordado, com os m\u00fasculos relaxados, \u00e9 tamb\u00e9m um sinal que ele recebeu leite materno suficiente. Outro sinal claro que o beb\u00ea est\u00e1 recebendo leite o suficiente, s\u00e3o as fraldas molhadas depois de urinar, que significa hidrata\u00e7\u00e3o e nutri\u00e7\u00e3o do beb\u00ea. Depois do terceiro e quarto dia, 4 a 6 fraldas molhadas s\u00e3o esperadas em um per\u00edodo de 24 horas. Movimentos do intestino, ou seja, as fraldas com fezes podem variar de beb\u00ea para beb\u00ea, mas devem ocorrer pelo menos 2 vezes em um per\u00edodo de 24 horas. Finalmente, os sinais claros de que o beb\u00ea est\u00e1 recebendo leite materno o suficiente \u00e9 o padr\u00e3o continuo de crescimento, crescimento da circunfer\u00eancia da cabe\u00e7a e tamb\u00e9m o aumento de peso do beb\u00ea nas visitas com a equipe medica de sa\u00fade. Caso voc\u00ea esteja preocupada, voc\u00ea deve consultar um profissional de sa\u00fade para esclarecimentos. <\/p>\n<p>N\u00e3o se esque\u00e7a que o leite materno \u00e9 praticamente o alimento mais perfeito para o seu beb\u00ea, por\u00e9m n\u00e3o contem vitamina D o suficiente para os ossos do seu beb\u00ea \u2013 Ent\u00e3o voc\u00ea dever\u00e1 perguntar o m\u00e9dico pediatra sobre o suplemento de vitamina D para completar a amamenta\u00e7\u00e3o do seu beb\u00ea. <\/p>\n\n<\/div>\n<hr class=\"featurette-divider\" style=\"margin:3rem 0\">\n\n<h3>Amamentar d\u00f3i?<\/h3>\n<div>\n    <p>Amamentar n\u00e3o deve ser dolorido, ou causar dor, apesar de ser normal na fase inicial e necessitar de alguns ajustes e cuidados quando a m\u00e3e estiver com os mamilos feridos. Por\u00e9m, depois das primeiras semanas, isso n\u00e3o deve mais ocorrer. Essa dor acontece devido aos mamilos estarem se alongando e se adaptando ao fato de o beb\u00ea estar puxando os tecidos dos seios durante a amamenta\u00e7\u00e3o. Se voc\u00ea estiver com a sensa\u00e7\u00e3o de beliscar ou aperto no peito, \u00e9 prov\u00e1vel que o beb\u00ea n\u00e3o esteja amamentando corretamente. Se voc\u00ea estiver com esses sintomas, por favor procure um m\u00e9dico, um especialista em amamenta\u00e7\u00e3o ou um grupo de apoio de m\u00e3es durante a amamenta\u00e7\u00e3o para receber uma avalia\u00e7\u00e3o e solucionar as dores e desconforto na hora da amamenta\u00e7\u00e3o. <\/p>\n\n<\/div>\n<hr class=\"featurette-divider\" style=\"margin:3rem 0\">\n\n<h3>Quando devo usar chupeta?<\/h3>\n<div>\n    <p>Qualquer bico artificial n\u00e3o \u00e9 recomend\u00e1vel at\u00e9 que a amamenta\u00e7\u00e3o esteja bem estabelecida. Normalmente, o processo leva duas semanas para que a maioria das m\u00e3es estabele\u00e7a a amamenta\u00e7\u00e3o com sucesso. Isso significa que o beb\u00ea est\u00e1 \u201cpegando\u201d o peito corretamente e a m\u00e3e n\u00e3o est\u00e1 tendo dores, preocupa\u00e7\u00f5es ou desconfortos na hora da amamenta\u00e7\u00e3o; e o beb\u00ea est\u00e1 crescendo e se desenvolvendo. Neste ponto, podemos dizer que o uso da chupeta ou bico artificial pode ser seguro e oferecido para o beb\u00ea. O uso de chupeta depois das primeiras semanas pode ajudar a reduzir o risco de morte s\u00fabita dos beb\u00eas; mas se o seu beb\u00ea se recusar a usar chupeta, n\u00e3o force de maneira alguma. <\/p>\n<p>\u00c0s vezes, as m\u00e3es podem voltar a trabalhar e\/ou a estudar (escola\/universidade) mais cedo do que o esperado e \u00e9 necess\u00e1rio oferecer o uso de mamadeiras ao beb\u00ea. A maioria dos beb\u00eas consegue se adaptar muito bem quando este per\u00edodo ocorrer, ent\u00e3o voc\u00ea n\u00e3o deve se preocupar e n\u00e3o oferecer o uso de mamadeiras imediatamente, logo ap\u00f3s o parto para que o beb\u00ea se acostume. N\u00f3s sugerimos que voc\u00ea evite o m\u00e1ximo poss\u00edvel, o uso de mamadeiras com bicos artificiais. <\/p>\n\n<\/div>\n<hr class=\"featurette-divider\" style=\"margin:3rem 0\">\n\n<h3>Como deve cuidar da sa\u00fade bucal e dos dentes do beb\u00ea?<\/h3>\n<div>\n    <p>O cuidado da sa\u00fade bucal e dos dentes do beb\u00ea \u00e9 muito importante para manter o beb\u00ea saud\u00e1vel. Limpe a gengiva do seu beb\u00ea duas vezes ao dia com um pano limpo e \u00famido. Somente comece a usar escova de dente com muita pouca pasta de dente com fl\u00faor (a medida da pasta \u00e9 mais ou menos do tamanho de um gr\u00e3o de arroz) somente ap\u00f3s o beb\u00ea ter o seu primeiro dente. Nunca coloque o beb\u00ea para dormir com a mamadeira na boca. Limpe a chupeta do beb\u00ea com sab\u00e3o neutro e com \u00e1gua, nunca com a sua boca. N\u00e3o mergulhe a chupeta em nenhum alimento doce ou bebidas. Leve seu beb\u00ea para uma visita ao dentista no primeiro ano de vida. <\/p>\n\n<\/div>\n<hr class=\"featurette-divider\" style=\"margin:3rem 0\">","protected":false},"excerpt":{"rendered":"","protected":false},"author":1,"featured_media":213,"parent":0,"menu_order":1,"comment_status":"closed","ping_status":"closed","template":"content-page.php","meta":{"_acf_changed":false,"om_disable_all_campaigns":false,"_monsterinsights_skip_tracking":false,"_monsterinsights_sitenote_active":false,"_monsterinsights_sitenote_note":"","_monsterinsights_sitenote_category":0,"footnotes":""},"class_list":["post-267","page","type-page","status-publish","has-post-thumbnail","hentry"],"acf":[],"aioseo_notices":[],"_links":{"self":[{"href":"https:\/\/worcesterhealthybaby.org\/pc\/wp-json\/wp\/v2\/pages\/267","targetHints":{"allow":["GET"]}}],"collection":[{"href":"https:\/\/worcesterhealthybaby.org\/pc\/wp-json\/wp\/v2\/pages"}],"about":[{"href":"https:\/\/worcesterhealthybaby.org\/pc\/wp-json\/wp\/v2\/types\/page"}],"author":[{"embeddable":true,"href":"https:\/\/worcesterhealthybaby.org\/pc\/wp-json\/wp\/v2\/users\/1"}],"replies":[{"embeddable":true,"href":"https:\/\/worcesterhealthybaby.org\/pc\/wp-json\/wp\/v2\/comments?post=267"}],"version-history":[{"count":4,"href":"https:\/\/worcesterhealthybaby.org\/pc\/wp-json\/wp\/v2\/pages\/267\/revisions"}],"predecessor-version":[{"id":575,"href":"https:\/\/worcesterhealthybaby.org\/pc\/wp-json\/wp\/v2\/pages\/267\/revisions\/575"}],"wp:featuredmedia":[{"embeddable":true,"href":"https:\/\/worcesterhealthybaby.org\/pc\/wp-json\/wp\/v2\/media\/213"}],"wp:attachment":[{"href":"https:\/\/worcesterhealthybaby.org\/pc\/wp-json\/wp\/v2\/media?parent=267"}],"curies":[{"name":"wp","href":"https:\/\/api.w.org\/{rel}","templated":true}]}}