{"id":294,"date":"2021-12-31T21:32:09","date_gmt":"2021-12-31T21:32:09","guid":{"rendered":"https:\/\/whbc-pc.rachelandalex.com\/?page_id=294"},"modified":"2022-05-29T02:17:27","modified_gmt":"2022-05-29T02:17:27","slug":"safe-sleep-2","status":"publish","type":"page","link":"https:\/\/worcesterhealthybaby.org\/pc\/es\/safe-sleep-2\/","title":{"rendered":"Sue\u00f1o seguro"},"content":{"rendered":"<h3>\u00bfPor qu\u00e9 traemos el Worcester Safe Baby Project a Worcester? <\/h3>\n<div>\n    <p>Un grupo de m\u00e9dicos y agencias comunitarias han estado buscando durante un par de d\u00e9cadas por qu\u00e9 Worcester tiene una tasa de mortalidad infantil m\u00e1s alta que ciudades similares en Massachusetts. La mortalidad infantil se refiere a la muerte de un beb\u00e9 en el primer a\u00f1o de vida del beb\u00e9. Por alguna raz\u00f3n, Worcester tiene m\u00e1s beb\u00e9s que mueren durante el primer a\u00f1o en comparaci\u00f3n con otras ciudades de tama\u00f1o similar en MA. As\u00ed que hemos analizado esto durante varios a\u00f1os y en 2016 fuimos a la comunidad para preguntar &#8220;\u00bfqu\u00e9 debemos hacer al respecto?&#8221; Una de las ideas que hab\u00edamos escuchado era brindar a las familias un espacio seguro para dormir, como un corralito o una caja para beb\u00e9s, as\u00ed como obsequios e informaci\u00f3n para los nuevos padres. As\u00ed que decidimos que quer\u00edamos llevar esta idea a Worcester, no solo para el corralito o la caja del beb\u00e9 en s\u00ed, sino para unir a la comunidad y las agencias comunitarias para ayudar a las familias j\u00f3venes a conocer los recursos disponibles en la comunidad. Estamos tratando de llevar la educaci\u00f3n en varios idiomas porque sabemos cu\u00e1n diverso es Worcester en cultura e idioma. Esperamos que esto despegue en Worcester para ayudar a las familias j\u00f3venes y, finalmente, reducir nuestra tasa de mortalidad infantil.<\/p>\n\n<\/div>\n<hr class=\"featurette-divider\" style=\"margin:3rem 0\">\n\n<div class=\"row\">\r\n    <div class=\"col-md-7\">\r\n        <h3>\r\n            \u00bfC\u00f3mo debe dormir mi beb\u00e9 en su corralito, cuna o mois\u00e9s?\r\n        <\/h3>\r\n        <div>\r\n            <p>Su beb\u00e9 debe dormir solo en el playard, cuna o mois\u00e9s con nada m\u00e1s que el colch\u00f3n incluido y una s\u00e1bana bien ajustada, en su espalda con la barriga hacia arriba.  Esto significa que no deben estar animales de peluche o mantas en la cuna con su beb\u00e9. Esto se ha demostrado como la forma m\u00e1s segura para que un beb\u00e9 duerma. Los beb\u00e9s pueden dormir en una manta port\u00e1til llamada saco de dormir, que permanece cerca del cuerpo del beb\u00e9 y no se acercar\u00e1 a su cara. La cuna o mois\u00e9s debe colocarse en alg\u00fan lugar donde nada pueda caer en \u00e9l y lejos de calentadores, velas o cualquier cosa que pueda comenzar un incendio.<\/p>\n\r\n        <\/div>\r\n    <\/div>\r\n    <div class=\"col-md-5\">\r\n        <img decoding=\"async\" src=\"https:\/\/worcesterhealthybaby.org\/pc\/wp-content\/uploads\/2022\/01\/babybox_c.jpg\" class=\"img-fluid img-7-qa\" \/>\r\n    <\/div>\r\n<\/div>\r\n<hr class=\"featurette-divider\" style=\"margin:3rem 0\">\n\n<h3>\u00bfSe aplanar\u00e1 la cabeza de mi beb\u00e9 si siempre duerme de espaldas? <\/h3>\n<div>\n    <p>Las cabezas de los beb\u00e9s se aplanan si siempre est\u00e1n en la misma posici\u00f3n sobre su espalda, incluso cuando est\u00e1n despiertos. Lo importante no es tanto en qu\u00e9 posici\u00f3n duermen, sino m\u00e1s bien su posici\u00f3n cuando est\u00e1n despiertos.  El tiempo boca abajo con usted observando en todo momento le permitir\u00e1 a su beb\u00e9 usar los m\u00fasculos del cuello y los hombros. Los asientos para beb\u00e9s o los asientos para autom\u00f3viles tambi\u00e9n eliminan la presi\u00f3n de su cabeza mientras est\u00e1n despiertos. Sin embargo, es importante que su beb\u00e9 no duerma en un asiento para el autom\u00f3vil o en un asiento para beb\u00e9s durante un largo per\u00edodo de tiempo.  En una cuna, mois\u00e9s o corralito es la forma m\u00e1s segura para que su beb\u00e9 duerma. Tambi\u00e9n puede sostener a su beb\u00e9 mientras est\u00e1 despierto para evitar que la parte posterior de su cabeza se aplane.<\/p>\n\n<\/div>\n<hr class=\"featurette-divider\" style=\"margin:3rem 0\">\n\n<h3>\u00bfQu\u00e9 m\u00e1s puedo hacer para que mi cuna, mois\u00e9s o corralito sea seguro? <\/h3>\n<div>\n    <p>Si est\u00e1 usando una cuna, el colch\u00f3n debe ser muy firme, as\u00ed que aseg\u00farese de que se ajuste a las regulaciones. No recomendamos un parachoques alrededor del borde de la cuna, ya que puede cubrir la boca del beb\u00e9. Mantenga la cuna, el mois\u00e9s o el corralito libres de art\u00edculos como peluches y mantas. El beb\u00e9 debe estar durmiendo solo, sin nadie ni nada m\u00e1s, en una cuna, mois\u00e9s o corralito.<\/p>\n\n<\/div>\n<hr class=\"featurette-divider\" style=\"margin:3rem 0\">\n\n<h3>\u00bfQu\u00e9 pasa si mi beb\u00e9 se queda dormido conmigo? <\/h3>\n<div>\n    <p>Esa es una gran pregunta porque muchos padres abrazan a su beb\u00e9 hasta que el beb\u00e9 se duerme. Mientras est\u00e9s despierto, est\u00e1 bien acurrucar a tu beb\u00e9 mientras duerme. Si usas un cabestrillo o un transport\u00edn, debes tener cuidado (especialmente cuando son muy j\u00f3venes) de apoyar su cabeza y que su cara no est\u00e9 cubierta por un pa\u00f1o. Lo que es peligroso es quedarse dormido con su beb\u00e9. Debe poner a su beb\u00e9 en un lugar seguro para dormir como un corralito, mois\u00e9s o cuna antes de quedarse usted dormido. La otra cosa que no recomendamos es dejar que su beb\u00e9 duerma durante un largo per\u00edodo de tiempo en un asiento de autom\u00f3vil o asiento para beb\u00e9s, a pesar de cuando se duerman con el movimiento del autom\u00f3vil. Deben dormir en un lugar m\u00e1s seguro como una cuna, mois\u00e9s o corralito.<\/p>\n\n<\/div>\n<hr class=\"featurette-divider\" style=\"margin:3rem 0\">","protected":false},"excerpt":{"rendered":"","protected":false},"author":1,"featured_media":211,"parent":0,"menu_order":1,"comment_status":"closed","ping_status":"closed","template":"content-page.php","meta":{"_acf_changed":false,"om_disable_all_campaigns":false,"_monsterinsights_skip_tracking":false,"_monsterinsights_sitenote_active":false,"_monsterinsights_sitenote_note":"","_monsterinsights_sitenote_category":0,"footnotes":""},"class_list":["post-294","page","type-page","status-publish","has-post-thumbnail","hentry"],"acf":[],"aioseo_notices":[],"_links":{"self":[{"href":"https:\/\/worcesterhealthybaby.org\/pc\/wp-json\/wp\/v2\/pages\/294","targetHints":{"allow":["GET"]}}],"collection":[{"href":"https:\/\/worcesterhealthybaby.org\/pc\/wp-json\/wp\/v2\/pages"}],"about":[{"href":"https:\/\/worcesterhealthybaby.org\/pc\/wp-json\/wp\/v2\/types\/page"}],"author":[{"embeddable":true,"href":"https:\/\/worcesterhealthybaby.org\/pc\/wp-json\/wp\/v2\/users\/1"}],"replies":[{"embeddable":true,"href":"https:\/\/worcesterhealthybaby.org\/pc\/wp-json\/wp\/v2\/comments?post=294"}],"version-history":[{"count":6,"href":"https:\/\/worcesterhealthybaby.org\/pc\/wp-json\/wp\/v2\/pages\/294\/revisions"}],"predecessor-version":[{"id":564,"href":"https:\/\/worcesterhealthybaby.org\/pc\/wp-json\/wp\/v2\/pages\/294\/revisions\/564"}],"wp:featuredmedia":[{"embeddable":true,"href":"https:\/\/worcesterhealthybaby.org\/pc\/wp-json\/wp\/v2\/media\/211"}],"wp:attachment":[{"href":"https:\/\/worcesterhealthybaby.org\/pc\/wp-json\/wp\/v2\/media?parent=294"}],"curies":[{"name":"wp","href":"https:\/\/api.w.org\/{rel}","templated":true}]}}