{"id":297,"date":"2021-12-31T21:40:52","date_gmt":"2021-12-31T21:40:52","guid":{"rendered":"https:\/\/whbc-pc.rachelandalex.com\/?page_id=297"},"modified":"2022-05-29T02:22:56","modified_gmt":"2022-05-29T02:22:56","slug":"breastfeeding-2","status":"publish","type":"page","link":"https:\/\/worcesterhealthybaby.org\/pc\/es\/breastfeeding-2\/","title":{"rendered":"Amamantando"},"content":{"rendered":"<h3>\u00bfPor qu\u00e9 es importante la lactancia materna?<\/h3>\n<div>\n    <p>La lactancia materna es importante porque proporciona un enlace \u00fanico entre la madre y el beb\u00e9. Tambi\u00e9n proporciona inmunidad para el beb\u00e9 y ayuda a proteger contra la muerte infantil s\u00fabita. Una vez que el beb\u00e9 nace, se colocan inmediatamente en el pecho de su madre para estimular la leche materna. El cuerpo humano es muy inteligente y sabe cu\u00e1nta leche producir. La primera leche que se produce se llama calostro, y est\u00e1 muy concentrada en anticuerpos y prote\u00ednas que ser\u00e1n altamente beneficiosas para la capacidad del beb\u00e9 para combatir enfermedades y crecer.<\/p>\n<p>Para las parejas y los miembros de la familia, es importante ser de apoyo: la lactancia materna es natural. Es bueno para la madre, es bueno para el ni\u00f1o, es bueno para toda la familia. S\u00e9 alentador, no te frustres. An\u00edmate a aprender a amamantar para que puedas motivar a tu pareja. Hay una forma espec\u00edfica de engancharse al pez\u00f3n para ayudar con el reflejo de succi\u00f3n. Si hay ayuda de la pareja, hay mas opportunidad para amamantamiento saludable. <\/p>\n\n<\/div>\n<hr class=\"featurette-divider\" style=\"margin:3rem 0\">\n\n<h3>\u00bfCon qu\u00e9 frecuencia y por cu\u00e1nto tiempo debo alimentar\/amamantar a mi beb\u00e9? <\/h3>\n<div>\n    <p>El beb\u00e9 promedio amamanta entre 8 y 12 veces en un per\u00edodo de 24 horas, pero la duraci\u00f3n de la alimentaci\u00f3n puede variar. Al igual que los adultos, la alimentaci\u00f3n de los beb\u00e9s tambi\u00e9n var\u00eda de un d\u00eda a otro. Es posible que su beb\u00e9 solo amamante durante 5 minutos y est\u00e9 satisfecho. El beb\u00e9 solo puede tomar de un seno, o puede tomar de ambos. Realmente te animamos a seguir el ejemplo del beb\u00e9. Si su beb\u00e9 muestra se\u00f1ales de hambre, ofr\u00e9zle su pecho. Si su beb\u00e9 est\u00e1 satisfecho, no tomar\u00e1 m\u00e1s leche materna.<\/p>\n\n<\/div>\n<hr class=\"featurette-divider\" style=\"margin:3rem 0\">\n\n<h3>\u00bfC\u00f3mo s\u00e9 si mi beb\u00e9 est\u00e1 recibiendo suficiente leche?<\/h3>\n<div>\n    <p>Hay muchas se\u00f1ales que indican que los beb\u00e9s est\u00e1n recibiendo suficiente leche. Algunos de estos signos pueden ser observados por la madre durante la alimentaci\u00f3n.  Por ejemplo, el movimiento activo de la mand\u00edbula (algunas y luego una pausa) son signos de que su beb\u00e9 est\u00e1 recibiendo leche. A veces tambi\u00e9n se puede escuchar al beb\u00e9 tragar leche durante la lactancia; sin embargo, si no puede escuchar al beb\u00e9 tragar, no es necesariamente una se\u00f1al de p\u00e1nico o de que el beb\u00e9 no est\u00e1 recibiendo suficiente leche. Las se\u00f1ales que buscamos cuando un beb\u00e9 ha terminado, es que el beb\u00e9 a menudo se queda dormido en el pecho; si el beb\u00e9 se queda dormido despu\u00e9s de amamantar, puede ser una se\u00f1al de que el beb\u00e9 ya no tiene hambre. Si el beb\u00e9 todav\u00eda est\u00e1 despierto, los m\u00fasculos relajados son una se\u00f1al de que ha recibido suficiente leche. Otros signos obvios son los pa\u00f1ales h\u00famedos o mojados, ya que esto muestra hidrataci\u00f3n y nutrici\u00f3n. Despu\u00e9s de aproximadamente 3-4 d\u00edas de vida, el bebe debe de tener 4-6 pa\u00f1ales h\u00famedos en un per\u00edodo de 24 horas.  Los movimientos intestinales var\u00edan de un beb\u00e9 a otro, pero al menos 2 movimientos intestinales en un periodo de 24 horas se pueden esperar. <\/p>\n<p>Finalmente, algunos signos de una ingesta adecuada de leche son un patr\u00f3n continuo de crecimiento en longitud, circunferencia de la cabeza y peso en las visitas del ni\u00f1o sano del beb\u00e9 con su proveedor. Si tienes alguna preocupacion debe comunicarse con su proveedor de atenci\u00f3n m\u00e9dica. No olvide que la lactancia materna es un alimento casi perfecto para su beb\u00e9, pero no contiene suficiente vitamina D para los huesos de su beb\u00e9; debe pedirle a su m\u00e9dico un suplemento de vitamina D para su beb\u00e9 amamantado.<\/p>\n\n<\/div>\n<hr class=\"featurette-divider\" style=\"margin:3rem 0\">\n\n<h3>\u00bfDuele la lactancia materna? <\/h3>\n<div>\n    <p>Se supone que la lactancia materna no duele, aunque hay una fase de ajuste normal al principio cuando las mam\u00e1s sienten dolor en los pezones. Despu\u00e9s de la primera semana m\u00e1s o menos, eso ya no deber\u00eda suceder. Esto se debe a que los pezones se acostumbran al estiramiento a medida que el beb\u00e9 toma tejido mamario. Si sientes una sensaci\u00f3n de pellizco o pinzamiento, a menudo se debe a que el beb\u00e9 no se est\u00e1 enganchando correctamente. Si tiene este problema, comun\u00edquese con su m\u00e9dico o con un consultor de lactancia o un grupo de apoyo para la lactancia materna para que se eval\u00fae la alimentaci\u00f3n y el agarre.<\/p>\n\n<\/div>\n<hr class=\"featurette-divider\" style=\"margin:3rem 0\">\n\n<h3>\u00bfCu\u00e1ndo debo usar un chupete?<\/h3>\n<div>\n    <p>No se recomienda ning\u00fan pez\u00f3n artificial hasta que la lactancia materna est\u00e9 bien establecida. Por lo general, la mayor\u00eda de las madres y los beb\u00e9s tardan aproximadamente dos semanas en establecer bien la lactancia materna, lo que significa que el beb\u00e9 est\u00e1 agarrando bien, no hay preocupaciones ni molestias con el agarre, y el beb\u00e9 est\u00e1 creciendo y prosperando. En ese punto pensamos que ser\u00eda seguro introducir un chupete o un pez\u00f3n artificial si fuera necesario.  El uso del chupete despu\u00e9s de las primeras semanas puede ayudar a reducir el riesgo de muerte s\u00fabita del beb\u00e9, pero si su beb\u00e9 no quiere el chupete, no lo fuerce.   A veces, las mam\u00e1s regresan al trabajo o a la escuela m\u00e1s temprano y el beb\u00e9 necesita que le presenten un biber\u00f3n. La mayor\u00eda de los beb\u00e9s podr\u00e1n resolver esto cuando llegue el momento, por lo que no tendr\u00e1 que preocuparse por dar un biber\u00f3n inmediatamente despu\u00e9s del nacimiento para que el beb\u00e9 se acostumbre a eso. Le sugerimos que espere el mayor tiempo posible antes de dar un biber\u00f3n con su pez\u00f3n artificial.<\/p>\n\n<\/div>\n<hr class=\"featurette-divider\" style=\"margin:3rem 0\">\n\n<h3>\u00bfC\u00f3mo debo cuidar la salud de los futuros dientes de mi beb\u00e9?<\/h3>\n<div>\n    <p>Cuidar la boca y los dientes de su beb\u00e9 es importante para mantener a su beb\u00e9 sano.  Limpie las enc\u00edas de su beb\u00e9 con un pa\u00f1o limpio y h\u00famedo dos veces al d\u00eda. Comience a usar un cepillo de dientes para beb\u00e9s con un frotis de pasta dental con fl\u00faor (del tama\u00f1o de un grano de arroz) a la vez que su beb\u00e9 tenga su primer diente.  No acueste a su beb\u00e9 con un biber\u00f3n.  Limpie el chupete de su beb\u00e9 con agua y jab\u00f3n, nunca en su propia boca.  No sumerja el chupete en ning\u00fan alimento dulce o l\u00edquido. Lleve a su beb\u00e9 al dentista dentro del primer a\u00f1o.<\/p>\n\n<\/div>\n<hr class=\"featurette-divider\" style=\"margin:3rem 0\">","protected":false},"excerpt":{"rendered":"","protected":false},"author":1,"featured_media":213,"parent":0,"menu_order":2,"comment_status":"closed","ping_status":"closed","template":"content-page.php","meta":{"_acf_changed":false,"om_disable_all_campaigns":false,"_monsterinsights_skip_tracking":false,"_monsterinsights_sitenote_active":false,"_monsterinsights_sitenote_note":"","_monsterinsights_sitenote_category":0,"footnotes":""},"class_list":["post-297","page","type-page","status-publish","has-post-thumbnail","hentry"],"acf":[],"aioseo_notices":[],"_links":{"self":[{"href":"https:\/\/worcesterhealthybaby.org\/pc\/wp-json\/wp\/v2\/pages\/297","targetHints":{"allow":["GET"]}}],"collection":[{"href":"https:\/\/worcesterhealthybaby.org\/pc\/wp-json\/wp\/v2\/pages"}],"about":[{"href":"https:\/\/worcesterhealthybaby.org\/pc\/wp-json\/wp\/v2\/types\/page"}],"author":[{"embeddable":true,"href":"https:\/\/worcesterhealthybaby.org\/pc\/wp-json\/wp\/v2\/users\/1"}],"replies":[{"embeddable":true,"href":"https:\/\/worcesterhealthybaby.org\/pc\/wp-json\/wp\/v2\/comments?post=297"}],"version-history":[{"count":7,"href":"https:\/\/worcesterhealthybaby.org\/pc\/wp-json\/wp\/v2\/pages\/297\/revisions"}],"predecessor-version":[{"id":567,"href":"https:\/\/worcesterhealthybaby.org\/pc\/wp-json\/wp\/v2\/pages\/297\/revisions\/567"}],"wp:featuredmedia":[{"embeddable":true,"href":"https:\/\/worcesterhealthybaby.org\/pc\/wp-json\/wp\/v2\/media\/213"}],"wp:attachment":[{"href":"https:\/\/worcesterhealthybaby.org\/pc\/wp-json\/wp\/v2\/media?parent=297"}],"curies":[{"name":"wp","href":"https:\/\/api.w.org\/{rel}","templated":true}]}}