{"id":302,"date":"2021-12-31T21:43:13","date_gmt":"2021-12-31T21:43:13","guid":{"rendered":"https:\/\/whbc-pc.rachelandalex.com\/?page_id=302"},"modified":"2022-05-29T01:23:31","modified_gmt":"2022-05-29T01:23:31","slug":"breastfeeding-5","status":"publish","type":"page","link":"https:\/\/worcesterhealthybaby.org\/pc\/vi\/breastfeeding-5\/","title":{"rendered":"Cho con b\u00fa"},"content":{"rendered":"<h3>T\u1ea1i sao cho b\u00fa s\u1eefa m\u1eb9 quan tr\u1ecdng?<\/h3>\n<div>\n    <p>Cho con b\u00fa s\u1eefa m\u1eb9 l\u00e0 quan trong b\u1edfi v\u00ec n\u00f3 cung c\u1ea5p m\u1ed9t m\u1ed1i li\u00ean k\u1ebft duy nh\u1ea5t gi\u1eefa m\u1eb9 v\u00e0 con. N\u00f3 c\u0169ng cung c\u1ea5p kh\u1ea3 n\u0103ng mi\u1ec5n dich cho em b\u00e9 v\u00e0 gi\u00fap b\u1ea3o v\u1ec7 cho tr\u1ebb s\u01a1 sinh tr\u00e1nh ch\u1ebft b\u1ea5t th\u00ecnh l\u00ecnh.Khi b\u00e9 sinh ra v\u00e0 \u0111\u1eb7t b\u00e9 tr\u00ean v\u00fa c\u1ee7a ng\u01b0\u1eddi m\u1eb9 \u0111\u1ec3 k\u00edch th\u00edch s\u1eefa m\u1eb9 . C\u01a1 th\u1ec3 con ng\u01b0\u1eddi r\u1ea5t th\u00f4ng minh, v\u00e0 bi\u1ebft ph\u1ea3i s\u1ea3n xu\u1ea5t bao nhi\u00eau s\u1eefa. S\u1eefa \u0111\u1ea7u ti\u00ean s\u1ea3n xu\u1ea5t g\u1ecdi l\u00e0 s\u1eefa non, n\u00f3 t\u1eadp trung c\u00e1c kh\u00e1ng th\u1ec3 v\u00e0 ch\u1ea5t \u0111\u1ea1m s\u1ebd r\u1ea5t c\u00f3 l\u1ee3i cho em b\u00e9 ch\u1ed1ng l\u1ea1i nh\u1eefng b\u1ec7nh t\u1eadt v\u00e0 s\u1ef1 ph\u00e1t tri\u1ec3n c\u1ee7a c\u01a1 th\u1ec3.<\/p>\n<p>D\u00e0nh cho ch\u1ed3ng\/b\u1ea1n trai v\u00e0 nh\u1eefng th\u00e0nh vi\u00ean trong gia \u0111\u00ecnh,  &#8211; b\u00fa s\u1eefa m\u1eb9 l\u00e0 \u0111i\u1ec1u t\u1ef1 nhi\u1ec7n  nh\u01b0ng \u0111i\u1ec1u quan tr\u1ecdng l\u00e0 ph\u1ea3i \u0111\u01b0\u1ee3c s\u1ef1 h\u1ed7 tr\u1ee3 . Cho b\u00fa s\u1eefa m\u1eb9 th\u00ec t\u1ed1t cho m\u1eb9 v\u00e0 em b\u00e9,v\u00e0 t\u1ed1t cho c\u1ea3 gia \u0111\u00ecnh. khuy\u1ebfn kh\u00edch  b\u1ea1n t\u1ef1 h\u1ecdc c\u00e1ch cho con b\u00fa \u0111\u1ec3 b\u1ea1n c\u00f3 th\u1ec3 h\u01b0\u1edbng d\u1eabn cho ch\u1ed3ng\/b\u1ea1n trai c\u1ee7a m\u00ecnh.c\u00f3 m\u1ed9t c\u00e1ch c\u1ee5 th\u1ec3 l\u00e0 \u0111\u1ec3 b\u00e9 ng\u1eadm v\u00e0o n\u00fam v\u00fa v\u00e0 v\u1edbi ph\u1ea3n x\u1ea1 gi\u00fap b\u00e9 n\u00fat v\u00e0 b\u00fa . N\u1ebfu c\u00f3 s\u1ef1 gi\u00fap \u0111\u1ee1 h\u1ed7 tr\u1ee3 c\u1ee7a ch\u1ed3ng\/b\u1ea1n trai, th\u00ec c\u00f3 c\u01a1 h\u1ed9i t\u1ed1t h\u01a1n \u0111\u1ec3 cho con b\u00fa s\u1eefa m\u1eb9 t\u1ed1t. <\/p>\n\n<\/div>\n<hr class=\"featurette-divider\" style=\"margin:3rem 0\">\n\n<h3>T\u00f4i n\u00ean cho b\u00e9 b\u00fa s\u1eefa m\u1eb9 kho\u1ea3ng bao l\u00e2u m\u1ed9t l\u1ea7n v\u00e0 th\u1eddi gian b\u00fa l\u00e0 bao l\u00e2u?<\/h3>\n<div>\n    <p>Trung b\u00ecnh em b\u00e9 b\u00fa s\u1eefa m\u1eb9 t\u1eeb 8-12 l\u1ea7n trong v\u00f2ng 24 gi\u1edd, nh\u01b0ng th\u1eddi gian cho b\u00fa c\u00f3 th\u1ec3 kh\u00e1c nhau. C\u0169ng gi\u1ed1ng nh\u01b0 ng\u01b0\u1eddi l\u1edbn, c\u00e1c b\u00e9 s\u01a1 sinh b\u00fa kh\u00e1c nhau t\u00f9y theo t\u1eebng ng\u00e0y. Con c\u1ee7a b\u1ea1n c\u00f3 th\u1ec3 ch\u1ec9 b\u00fa s\u1eefa m\u1eb9 trong 5 ph\u00fat l\u00e0 no. Em b\u00e9 c\u00f3 th\u1ec3 ch\u1ec9 b\u00fa m\u1ed9t b\u00ean v\u00fa, ho\u1eb7c c\u00f3 th\u1ec3 b\u00fa c\u1ea3 hai b\u00ean. Ch\u00fang t\u00f4i th\u1ef1c s\u1ef1 mu\u1ed1n b\u1ea1n l\u00e0m theo \u0111\u00f2i h\u1ecfi c\u1ee7a em b\u00e9. N\u1ebfu b\u00e9 c\u00f3 d\u1ea5u hi\u1ec7u \u0111\u00f3i, h\u00e3y cho b\u00e9 b\u00fa m\u1eb9, n\u1ebfu b\u00e9 \u0111\u00e3 no, b\u00e9 s\u1ebd kh\u00f4ng b\u00fa n\u1eefa.<\/p>\n\n<\/div>\n<hr class=\"featurette-divider\" style=\"margin:3rem 0\">\n\n<h3>L\u00e0m th\u1ebf n\u00e0o \u0111\u1ec3 bi\u1ebft l\u00e0 con t\u00f4i b\u00fa \u0111\u1ee7 s\u1eefa?<\/h3>\n<div>\n    <p>C\u00f3 nhi\u1ec1u d\u1ea5u hi\u1ec7u cho th\u1ea5y c\u00e1c em b\u00e9 \u0111\u00e3 b\u00fa \u0111\u1ee7 s\u1eefa. Ng\u01b0\u1eddi m\u1eb9 c\u00f3 th\u1ec3 quan s\u00e1t th\u1ea5y nh\u1eefng d\u1ea5u hi\u1ec7u n\u00e0y trong khi cho con b\u00fa &#8211; v\u00ed d\u1ee5 nh\u01b0 h\u00e0m c\u1eed \u0111\u1ed9ng &#8211; n\u00fat v\u00e0i l\u1ea7n r\u1ed3i d\u1eebng l\u1ea1i -\u0111\u00f3 l\u00e0 d\u1ea5u hi\u1ec7u b\u00e9 \u0111ang b\u00fa s\u1eefa. \u0110\u00f4i khi, ch\u00fang ta c\u0169ng c\u00f3 th\u1ec3 nghe th\u1ea5y em b\u00e9 nu\u1ed1t s\u1eefa trong khi \u0111ang b\u00fa s\u1eefa m\u1eb9; tuy nhi\u00ean, n\u1ebfu b\u1ea1n kh\u00f4ng nghe th\u1ea5y ti\u1ebfng nu\u1ed1t s\u1eefa, \u0111\u00f3 kh\u00f4ng nh\u1ea5t thi\u1ebft l\u00e0 d\u1ea5u hi\u1ec7u khi\u1ebfn b\u1ea1n ph\u1ea3i ho\u1ea3ng s\u1ee3 ho\u1eb7c cho th\u1ea5y em b\u00e9 kh\u00f4ng \u0103n \u0111\u1ee7 s\u1eefa. C\u00e1c d\u1ea5u hi\u1ec7u m\u00e0 ch\u00fang ta mu\u1ed1n bi\u1ebft khi em b\u00e9 \u0111\u00e3 b\u00fa xong, l\u00e0 em b\u00e9 th\u01b0\u1eddng ng\u1ee7 thi\u1ebfp \u0111i m\u00e0 c\u00f2n ng\u1eadm v\u00fa. Sau khi b\u00fa xong, em b\u00e9 ng\u1ee7 thi\u1ebfp \u0111i \u0111\u00f3 l\u00e0 d\u1ea5u hi\u1ec7u b\u00e9 b\u00fa no kh\u00f4ng c\u00f2n \u0111\u00f3i    N\u1ebfu em b\u00e9 v\u1eabn th\u1ee9c, c\u00e1c c\u01a1 b\u1eafp th\u01b0 gi\u00e3n l\u00e0 m\u1ed9t d\u1ea5u hi\u1ec7u cho th\u1ea5y b\u00e9 \u0111\u00e3 b\u00fa \u0111\u1ee7 s\u1eefa. Nh\u1eefng d\u1ea5u hi\u1ec7u kh\u00e1c l\u00e0 s\u1ed1 l\u01b0\u1ee3ng t\u00e3 \u01b0\u1edbt th\u00edch h\u1ee3p- \u0111i\u1ec1u n\u00e0y cho bi\u1ebft b\u00e9 \u0111\u1ee7 ch\u1ea5t n\u01b0\u1edbc v\u00e0 dinh d\u01b0\u1ee1ng.   Sau kho\u1ea3ng ng\u00e0y 3-4, em b\u00e9 s\u1ebd c\u00f3 kho\u1ea3ng 4-6 t\u00e3 \u01b0\u1edbt trong v\u00f2ng 24 gi\u1edd, \u0111i c\u1ea7u th\u00ec kh\u00e1c nhau t\u00f9y theo t\u1eebng em b\u00e9, nh\u01b0ng c\u1ea7n \u00edt nh\u1ea5t c\u00f3 2 l\u1ea7n \u0111i c\u1ea7u trong v\u00f2ng 24 gi\u1edd. Cu\u1ed1i c\u00f9ng, m\u1ed9t s\u1ed1 d\u1ea5u hi\u1ec7u cho th\u1ea5y em b\u00e9 b\u00fa \u0111\u1ee7 s\u1eefa l\u00e0 em b\u00e9 v\u1eabn ti\u1ebfp t\u1ee5c ph\u00e1t tri\u1ec3n chi\u1ec1u d\u00e0i, chu vi \u0111\u1ea7u v\u00e0 c\u00e2n n\u1eb7ng t\u1ea1i c\u00e1c bu\u1ed5i kh\u00e1m s\u1ee9c kh\u1ecfe cho b\u00e9 v\u1edbi b\u00e1c s\u0129. N\u1ebfu b\u1ea1n c\u00f3 th\u1eafc m\u1eafc g\u00ec, b\u1ea1n n\u00ean li\u00ean l\u1ea1c v\u1edbi b\u00e1c s\u0129 c\u1ee7a b\u1ea1n. \u0110\u1eebng qu\u00ean r\u1eb1ng trong khi cho con b\u00fa s\u1eefa m\u1eb9 l\u00e0 th\u1ee9c \u0103n g\u1ea7n nh\u01b0 ho\u00e0n h\u1ea3o cho con b\u1ea1n, s\u1eefa m\u1eb9 kh\u00f4ng c\u00f3 \u0111\u1ee7 vitamine D cho x\u01b0\u01a1ng c\u1ee7a em b\u00e9, b\u1ea1n n\u00ean h\u1ecfi b\u00e1c s\u0129 cho th\u00eam vitamine D cho em b\u00e9 b\u00fa s\u1eefa m\u1eb9.<\/p>\n\n<\/div>\n<hr class=\"featurette-divider\" style=\"margin:3rem 0\">\n\n<h3>Cho con b\u00fa s\u1eefa m\u1eb9 c\u00f3 \u0111au kh\u00f4ng?<\/h3>\n<div>\n    <p>Cho con b\u00fa s\u1eefa m\u1eb9 \u0111\u00e1ng l\u1ebd ra th\u00ec kh\u00f4ng \u0111au, tuy nhi\u00ean c\u00f3 m\u1ed9t giai \u0111o\u1ea1n  b\u00ecnh th\u01b0\u1eddng l\u00fac ban \u0111\u1ea7u khi c\u00e1c b\u00e0 m\u1eb9 c\u1ea3m th\u1ea5y \u0111\u1ea7u n\u00fam v\u00fa b\u1ecb \u0111au. Sau kho\u1ea3ng m\u1ed9t v\u00e0i tu\u1ea7n \u0111\u1ea7u ti\u00ean, n\u00fam v\u00fa s\u1ebd kh\u00f4ng c\u00f2n \u0111au n\u1eefa. S\u1edf d\u0129 nh\u01b0 v\u1eady l\u00e0 v\u00ec c\u00e1c n\u00fam v\u00fa \u0111\u00e3 quen v\u1edbi \u0111\u1ed9ng t\u00e1c b\u1ecb k\u00e9o d\u00e0i ra khi em b\u00e9 n\u00fat v\u00fa. N\u1ebfu b\u1ea1n c\u00f3 c\u1ea3m gi\u00e1c \u0111au nh\u00f3i ho\u1eb7c b\u00f3p ch\u1eb7t, \u0111\u00f3 th\u01b0\u1eddng l\u00e0 do em b\u00e9 kh\u00f4ng ng\u1eadm v\u00fa \u0111\u00fang c\u00e1ch. N\u1ebfu g\u1eb7p v\u1ea5n \u0111\u1ec1 n\u00e0y, b\u1ea1n n\u00ean li\u00ean l\u1ea1c v\u1edbi b\u00e1c s\u0129 haym\u1ed9t chuy\u00ean gia t\u01b0 v\u1ea5n v\u1ec1 cho con b\u00fa s\u1eefa m\u1eb9 ho\u1eb7c nh\u00f3m tr\u1ee3 gi\u00fap nu\u00f4i con b\u1eb1ng s\u1eefa m\u1eb9 \u0111\u1ec3 \u0111\u01b0\u1ee3c gi\u00fap th\u1ea9m \u0111\u1ecbnh c\u00e1ch cho con b\u00fa v\u00e0 c\u00e1ch ng\u1eadm n\u00fat v\u00fa.<\/p>\n\n<\/div>\n<hr class=\"featurette-divider\" style=\"margin:3rem 0\">\n\n<h3>Khi n\u00e0o t\u00f4i n\u00ean d\u00f9ng n\u00fam v\u00fa gi\u1ea3? <\/h3>\n<div>\n    <p>Kh\u00f4ng n\u00ean d\u00f9ng n\u00fam v\u00fa gi\u1ea3 cho \u0111\u1ebfn khi em b\u00e9 \u0111\u00e3 quen b\u00fa s\u1eefa m\u1eb9. Th\u00f4ng th\u01b0\u1eddng, \u0111\u1ec3 c\u00f3 th\u1ec3 b\u00fa s\u1eefa m\u1eb9 th\u00f4ng th\u1ea1o h\u1ea7u h\u1ebft c\u00e1c b\u00e0 m\u1eb9 v\u00e0 tr\u1ebb s\u01a1 sinh ph\u1ea3i m\u1ea5t kho\u1ea3ng 2 tu\u1ea7n ,  c\u00f3 ngh\u0129a l\u00e0 em b\u00e9 bi\u1ebft c\u00e1ch ng\u1eadm n\u00fam v\u00fa, kh\u00f4ng c\u00f3 lo l\u1eafng hay c\u1ea3m th\u1ea5y kh\u00f3 ch\u1ecbu khi em n\u00e9 n\u00fat n\u00fam v\u00fa v\u00e0 \u0111\u1ee9a b\u00e9 \u0111ang l\u1edbn v\u00e0 ph\u00e1t tri\u1ec7n. Khi \u0111\u00f3 ch\u00fang ta th\u01b0\u1eddng n\u00f3i l\u00e0 \u0111\u00e3 \u0111\u1ebfn l\u00fac an to\u00e0n \u0111\u1ec3 b\u1eaft \u0111\u1ea7u cho em b\u00e9 ng\u1eadm n\u00fam v\u00fa gi\u1ea3 n\u1ebfu c\u1ea7n thi\u1ebft. S\u1eed d\u1ee5ng n\u00fam v\u00fa gi\u1ea3 sau nh\u1eefng tu\u1ea7n \u0111\u1ea7u ti\u00ean c\u00f3 th\u1ec3 gi\u00fap gi\u1ea3m nguy c\u01a1 \u0111\u1ed9t t\u1eed \u1edf tr\u1ebb s\u01a1 sinh nh\u01b0ng n\u1ebfu em b\u00e9 kh\u00f4ng mu\u1ed1n n\u00fam v\u00fa g\u1ec9a th\u00ec \u0111\u1eebng \u00e9p bu\u1ed9c b\u00e9. \u0110\u00f4i khi c\u00e1c b\u00e0 m\u1eb9 tr\u1edf l\u1ea1i \u0111i l\u00e0m ho\u1eb7c \u0111i h\u1ecdc s\u1edbm h\u01a1n v\u00e0 em b\u00e9 c\u1ea7n\u0111\u01b0\u1ee3c t\u1eadp b\u00fa b\u00ecnh.H\u1ea7u h\u1ebft tr\u1ebb s\u01a1 sinh s\u1ebd c\u00f3 th\u1ec3 nh\u1eadn ra \u0111i\u1ec1u n\u00e0y khi \u0111\u1ebfn th\u1eddi \u0111i\u1ec3m d\u00f9ng b\u00ecnh n\u00ean b\u1ea1n kh\u00f4ng c\u1ea7n ph\u1ea3i lo l\u1eafng v\u1ec1 vi\u1ec7c cho tr\u1ebb b\u00fa b\u00ecnh ngay sau khi sinh \u0111\u1ec3 tr\u1ebb l\u00e0m quen. Ch\u00fang t\u00f4i \u0111\u1ec1 ngh\u1ecb b\u1ea1n ch\u1edd c\u00e0ng l\u00e2u c\u00e0ng t\u1ed1t tr\u01b0\u1edbc khi cho tr\u1ebb b\u00fa b\u00ecnh v\u1edbi n\u00fam v\u00fa gi\u1ea3.<\/p>\n\n<\/div>\n<hr class=\"featurette-divider\" style=\"margin:3rem 0\">\n\n<h3>T\u00f4i n\u00ean ch\u0103m s\u00f3c s\u1ee9c kh\u1ecfe r\u0103ng c\u1ee7a con t\u00f4i trong t\u01b0\u01a1ng lai nh\u01b0 th\u1ebf n\u00e0o?<\/h3>\n<div>\n    <p>Vi\u1ec7c ch\u0103m s\u00f3c r\u0103ng ,mi\u1ec7ng c\u1ee7a con b\u1ea1n l\u00e0 \u0111i\u1ec1u quan tr\u1ecdng \u0111\u1ec3 gi\u1eef cho con b\u1ea1n kh\u1ecfe manh. Lau n\u01b0\u1edbu r\u0103ng c\u1ee7a em b\u00e9 b\u1eb1ng kh\u0103n v\u1ea3i \u01b0\u1edbt v\u00e0 s\u1ea1ch lau m\u1ed7i ng\u00e0y hai l\u1ea7n. B\u1eb1t\u0111\u1ea7u s\u1eed d\u1ee5ng b\u00e0n ch\u1ea3i \u0111\u00e1nh r\u0103ng cho em c\u00f3 b\u00f4i kem \u0111\u00e1nh r\u0103ng c\u00f3 ch\u1ee9a ch\u1ea5t l\u00e2n tinh (k\u00edch th\u01b0\u1edbc b\u1eb1ng h\u1ea1t g\u1ea1o) khi em b\u00e9 c\u1ee7a b\u1ea1n m\u1ecdc chi\u1ebfc r\u0103ng \u0111\u1ea7u ti\u00ean. \u0110\u1eebng bao gi\u1edd cho em b\u00e9 n\u1eb1m ng\u1ee7 m\u00e0 ng\u1eadm b\u00ecnh s\u1eefa Lau s\u1ea1ch n\u00fam v\u00fa gi\u1ea3 c\u1ee7a con b\u1ea1n b\u1eb1ng x\u00e0 ph\u00f2ng v\u00e0 n\u01b0\u1edbc, \u0111\u1eebng bao gi\u1edd cho v\u00e0o mi\u1ec7ng c\u1ee7a b\u1ea1n. Kh\u00f4ng nh\u00fang n\u00fam v\u00fa gi\u1ea3 v\u00e0o b\u1ea5t k\u1ef3 th\u1ee9c \u0103n ng\u1ecdt ho\u1eb7c ch\u1ea5t l\u1ecfng n\u00e0o. \u0110\u01b0a b\u00e9 \u0111i kh\u00e1m r\u0103ngtrong v\u00f2ng n\u0103m \u0111\u1ea7u ti\u00ean.<\/p>\n\n<\/div>\n<hr class=\"featurette-divider\" style=\"margin:3rem 0\">","protected":false},"excerpt":{"rendered":"","protected":false},"author":1,"featured_media":213,"parent":0,"menu_order":1,"comment_status":"closed","ping_status":"closed","template":"content-page.php","meta":{"_acf_changed":false,"om_disable_all_campaigns":false,"_monsterinsights_skip_tracking":false,"_monsterinsights_sitenote_active":false,"_monsterinsights_sitenote_note":"","_monsterinsights_sitenote_category":0,"footnotes":""},"class_list":["post-302","page","type-page","status-publish","has-post-thumbnail","hentry"],"acf":[],"aioseo_notices":[],"_links":{"self":[{"href":"https:\/\/worcesterhealthybaby.org\/pc\/wp-json\/wp\/v2\/pages\/302","targetHints":{"allow":["GET"]}}],"collection":[{"href":"https:\/\/worcesterhealthybaby.org\/pc\/wp-json\/wp\/v2\/pages"}],"about":[{"href":"https:\/\/worcesterhealthybaby.org\/pc\/wp-json\/wp\/v2\/types\/page"}],"author":[{"embeddable":true,"href":"https:\/\/worcesterhealthybaby.org\/pc\/wp-json\/wp\/v2\/users\/1"}],"replies":[{"embeddable":true,"href":"https:\/\/worcesterhealthybaby.org\/pc\/wp-json\/wp\/v2\/comments?post=302"}],"version-history":[{"count":6,"href":"https:\/\/worcesterhealthybaby.org\/pc\/wp-json\/wp\/v2\/pages\/302\/revisions"}],"predecessor-version":[{"id":558,"href":"https:\/\/worcesterhealthybaby.org\/pc\/wp-json\/wp\/v2\/pages\/302\/revisions\/558"}],"wp:featuredmedia":[{"embeddable":true,"href":"https:\/\/worcesterhealthybaby.org\/pc\/wp-json\/wp\/v2\/media\/213"}],"wp:attachment":[{"href":"https:\/\/worcesterhealthybaby.org\/pc\/wp-json\/wp\/v2\/media?parent=302"}],"curies":[{"name":"wp","href":"https:\/\/api.w.org\/{rel}","templated":true}]}}