{"id":304,"date":"2021-12-31T21:43:49","date_gmt":"2021-12-31T21:43:49","guid":{"rendered":"https:\/\/whbc-pc.rachelandalex.com\/?page_id=304"},"modified":"2022-05-29T02:25:41","modified_gmt":"2022-05-29T02:25:41","slug":"sexual-health-2","status":"publish","type":"page","link":"https:\/\/worcesterhealthybaby.org\/pc\/es\/sexual-health-2\/","title":{"rendered":"Salud Sexual"},"content":{"rendered":"<h3>\u00bfQu\u00e9 tan pronto despu\u00e9s de tener un beb\u00e9 puedo quedar embarazada de nuevo?<\/h3>\n<div>\n    <p>Las mujeres pueden quedar embarazadas mucho m\u00e1s r\u00e1pido de lo que a menudo piensan justo despu\u00e9s de tener un beb\u00e9. Su cuerpo es capaz de ovular, lo que significa liberar un \u00f3vulo, antes de que realmente tenga un per\u00edodo, y muchas mujeres no tienen un per\u00edodo verdadero en los primeros meses despu\u00e9s de tener un beb\u00e9. Es importante reconocer que, aunque no piense que puede quedar embarazada, puede hacerlo, y puede suceder dentro de las primeras semanas de tener un beb\u00e9. Para la mayor\u00eda de las mujeres, eso no es lo que estar\u00edan planeando: quieren tiempo para estar con su beb\u00e9 que acaban de tener y tiempo para recuperarse. Por lo tanto, pensar en tener dos hijos menores de un a\u00f1o probablemente ser\u00eda un poco mucho para cualquier mujer. Es importante darse cuenta de que puede quedar embarazada y pensar en formas de prevenir el embarazo si eso no es lo que desea.<\/p>\n\n<\/div>\n<hr class=\"featurette-divider\" style=\"margin:3rem 0\">\n\n<h3>\u00bfCu\u00e1nto tiempo debo esperar antes de tener relaciones sexuales?<\/h3>\n<div>\n    <p>Le sugerimos que espere unas seis semanas antes de ser sexualmente activa. Este tiempo permite que su cuerpo se recupere del parto. Tambi\u00e9n es importante reducir la probabilidad de infecci\u00f3n.  Despu\u00e9s del parto, su cuello uterino, que es la abertura al \u00fatero, en realidad est\u00e1 abierto, por lo que si es sexualmente activa, podr\u00eda aumentar su probabilidad de infecci\u00f3n.  Es importante poder recuperarse bien y pasar tiempo con su beb\u00e9. Tambi\u00e9n es importante pensar en c\u00f3mo te sientes. La lactancia materna es algo maravilloso, pero puede afectar su vagina y puede afectar la forma en que se siente el sexo al causar sequedad vaginal. Debes ser t\u00fa quien elija cu\u00e1ndo quieres ser sexualmente activa para que te sientas c\u00f3moda y que sea una buena experiencia para ti y tu pareja.<\/p>\n\n<\/div>\n<hr class=\"featurette-divider\" style=\"margin:3rem 0\">\n\n<h3>\u00bfQu\u00e9 opciones anticonceptivas est\u00e1n disponibles para m\u00ed si no planeo quedar embarazada?<\/h3>\n<div>\n    <p>Hay muchas opciones disponibles para las mujeres despu\u00e9s de dar a luz y la opci\u00f3n que elija depende de muchos factores. Hable con su proveedor de atenci\u00f3n m\u00e9dica si est\u00e1 planeando quedar embarazada en el futuro cercano, si no desea tener m\u00e1s hijos o si planea esperar para quedar embarazada. Debe preguntar sobre sus afecciones m\u00e9dicas, para que podamos adaptar sus opciones de control de la natalidad a usted. Si no desea tener m\u00e1s hijos, una gran opci\u00f3n es la esterilizaci\u00f3n para usted o su pareja. Una vez m\u00e1s, eso significa que no hay m\u00e1s hijos, y hay que tener confianza en esa decisi\u00f3n. Otra gran opci\u00f3n son los implantes.  Estos duran hasta tres a\u00f1os y previenen el embarazo durante ese tiempo, y por supuesto su proveedor puede eliminarlo en cualquier momento. Adem\u00e1s, los dispositivos intrauterinos pueden durar de tres, cinco a diez a\u00f1os y esas tambi\u00e9n son excelentes opciones. La esterilizaci\u00f3n, y los implantes son las opciones m\u00e1s efectivas que existen. Luego hay opciones que duran menos tiempo que las opciones mencionadas anteriormente.  Estos incluyen el depo-shot que recibe cada tres meses, la pildora, el parche y el anillo que debe tomar todos los d\u00edas, todas las semanas o todos los meses. Por lo tanto, hay una gran variedad de opciones por ah\u00ed, y realmente depende de lo que va a ser la mejor opci\u00f3n para usted como paciente y con su pareja.<\/p>\n\n<\/div>\n<hr class=\"featurette-divider\" style=\"margin:3rem 0\">\n\n<h3>\u00bfCu\u00e1nto tiempo debo esperar antes de tener otro beb\u00e9?<\/h3>\n<div>\n    <p>Cu\u00e1nto tiempo esperar antes de tener otro beb\u00e9 es una pregunta muy personal.  Va a ser entre usted y su pareja para discutir en qu\u00e9 est\u00e1 pensando en t\u00e9rminos del tama\u00f1o de su familia y cu\u00e1ntos hijos desea tener eventualmente. Para algunas personas, quieren tener muchos hijos y, por lo tanto, est\u00e1n pensando que ser\u00eda mejor tener hijos uno tras otro. Sin embargo, es importante espaciar los embarazos para dar tiempo a que la madre se recupere, para permitir el v\u00ednculo con el nuevo beb\u00e9 y para prepararse para el pr\u00f3ximo embarazo. Entonces, mirando diferentes estudios, uno de los momentos \u00f3ptimos para quedar embarazada es de aproximadamente 18 meses.  Eso le permite el tiempo para recuperarse y vincularse con su beb\u00e9. Al final, cada mujer es diferente, y va a depender de cu\u00e1les sean sus planes de embarazo y cu\u00e1ntos hijos quiera tener, pero creo que esperar unos 18 meses es una buena idea.<\/p>\n\n<\/div>\n<hr class=\"featurette-divider\" style=\"margin:3rem 0\">","protected":false},"excerpt":{"rendered":"","protected":false},"author":1,"featured_media":215,"parent":0,"menu_order":3,"comment_status":"closed","ping_status":"closed","template":"content-page.php","meta":{"_acf_changed":false,"om_disable_all_campaigns":false,"_monsterinsights_skip_tracking":false,"_monsterinsights_sitenote_active":false,"_monsterinsights_sitenote_note":"","_monsterinsights_sitenote_category":0,"footnotes":""},"class_list":["post-304","page","type-page","status-publish","has-post-thumbnail","hentry"],"acf":[],"aioseo_notices":[],"_links":{"self":[{"href":"https:\/\/worcesterhealthybaby.org\/pc\/wp-json\/wp\/v2\/pages\/304","targetHints":{"allow":["GET"]}}],"collection":[{"href":"https:\/\/worcesterhealthybaby.org\/pc\/wp-json\/wp\/v2\/pages"}],"about":[{"href":"https:\/\/worcesterhealthybaby.org\/pc\/wp-json\/wp\/v2\/types\/page"}],"author":[{"embeddable":true,"href":"https:\/\/worcesterhealthybaby.org\/pc\/wp-json\/wp\/v2\/users\/1"}],"replies":[{"embeddable":true,"href":"https:\/\/worcesterhealthybaby.org\/pc\/wp-json\/wp\/v2\/comments?post=304"}],"version-history":[{"count":5,"href":"https:\/\/worcesterhealthybaby.org\/pc\/wp-json\/wp\/v2\/pages\/304\/revisions"}],"predecessor-version":[{"id":569,"href":"https:\/\/worcesterhealthybaby.org\/pc\/wp-json\/wp\/v2\/pages\/304\/revisions\/569"}],"wp:featuredmedia":[{"embeddable":true,"href":"https:\/\/worcesterhealthybaby.org\/pc\/wp-json\/wp\/v2\/media\/215"}],"wp:attachment":[{"href":"https:\/\/worcesterhealthybaby.org\/pc\/wp-json\/wp\/v2\/media?parent=304"}],"curies":[{"name":"wp","href":"https:\/\/api.w.org\/{rel}","templated":true}]}}