{"id":308,"date":"2021-12-31T21:45:13","date_gmt":"2021-12-31T21:45:13","guid":{"rendered":"https:\/\/whbc-pc.rachelandalex.com\/?page_id=308"},"modified":"2022-05-29T01:25:22","modified_gmt":"2022-05-29T01:25:22","slug":"sexual-health-5","status":"publish","type":"page","link":"https:\/\/worcesterhealthybaby.org\/pc\/vi\/sexual-health-5\/","title":{"rendered":"S\u1ee9c kh\u1ecfe t\u00ecnh d\u1ee5c"},"content":{"rendered":"<h3>Sau khi sinh con bao l\u00e2u th\u00ec t\u00f4i c\u00f3 th\u1ec3 mang thai tr\u1edf l\u1ea1i?<\/h3>\n<div>\n    <p>Th\u1eadt s\u1ef1 ph\u1ee5 n\u1eef th\u01b0\u1eddng ngh\u0129 l\u00e0 h\u1ecd c\u00f3 th\u1ec3 mang thai mau h\u01a1n ngay sau khi sinh con.C\u01a1 th\u1ec3 c\u1ee7a b\u1ea1n c\u00f3 th\u1ec3 th\u1ee5 thai, c\u00f3 ngh\u0129a l\u00e0 tr\u1ee9ng r\u1ee5ng, tr\u01b0\u1edbc khi b\u1ea1n th\u1ef1c s\u1ef1 c\u00f3 kinh, v\u00e0 nhi\u1ec1u ph\u1ee5 n\u1eef kh\u00f4ng c\u00f3 kinh nguy\u1ec7t trong v\u00e0i th\u00e1ng \u0111\u1ea7u sau khi sinh con. \u0110i\u1ec1u quan tr\u1ecdng l\u00e0 c\u1ea7n hi\u1ec3u r\u1eb1ng m\u1eb7c d\u00f9 b\u1ea1n kh\u00f4ng ngh\u0129 r\u1eb1ng m\u00ecnh c\u00f3 th\u1ec3 mang thai, nh\u01b0ng b\u1ea1n c\u00f3 th\u1ec3 v\u00e0 c\u00f3 th\u1ec3 x\u1ea3y ra trong v\u00e0i tu\u1ea7n \u0111\u1ea7u ti\u00ean sau khi sinh con.\u0110\u1ed1i v\u1edbi h\u1ea7u h\u1ebft ph\u1ee5 n\u1eef, \u0111i\u1ec1u \u0111\u00f3 kh\u00f4ng n\u1eb1m trong k\u1ebf ho\u1ea1ch c\u1ee7a h\u1ecd, h\u1ecd mu\u1ed1n c\u00f3 th\u1eddi gian d\u00e0nh cho em b\u00e9 v\u1eeba m\u1edbi sinh v\u00e0 c\u00f3 th\u1eddi gian \u0111\u1ec3 h\u1ed3i ph\u1ee5c. V\u00ec v\u1eady, ngh\u0129 v\u1ec1 vi\u1ec7c c\u00f3 hai \u0111\u1ee9a tr\u1ebb d\u01b0\u1edbi m\u1ed9t tu\u1ed5i c\u00f3 l\u1ebd s\u1ebd qu\u00e1 s\u1ee9c cho b\u1ea5t k\u1ef3 ph\u1ee5 n\u1eef n\u00e0o. \u0110i\u1ec1u quan tr\u1ecdng l\u00e0 nh\u1eadn ra b\u1ea1n c\u00f3 th\u1ec3 mang thai v\u00e0 suy ngh\u0129 v\u1ec1 c\u00e1c c\u00e1c ng\u1eeba thai n\u1ebfu \u0111\u00f3 kh\u00f4ng ph\u1ea3i l\u00e0 \u0111i\u1ec1u b\u1ea1n mong mu\u1ed1n.<\/p>\n\n<\/div>\n<hr class=\"featurette-divider\" style=\"margin:3rem 0\">\n\n<h3>T\u00f4i n\u00ean ch\u1edd bao l\u00e2u tr\u01b0\u1edbc khi sinh ho\u1ea1t t\u00ecnh d\u1ee5c?<\/h3>\n<div>\n    <p>Ch\u00fang t\u00f4i \u0111\u1ec1 ngh\u1ecb b\u1ea1n c\u00f3 th\u1ec3 ch\u1edd kho\u1ea3ng 6 tu\u1ea7n tr\u01b0\u1edbc khi b\u1eaft \u0111\u1ea7u quan h\u00ea t\u00ecnh d\u1ee5c, v\u00ec vi\u1ec7c n\u00e0y gi\u00fap c\u01a1 th\u1ec3 c\u1ee7a b\u1ea1n c\u00f3 th\u1eddi gian h\u1ed3i ph\u1ee5c sau khi sinh con. \u0110i\u1ec1u quan tr\u1ecdng l\u00e0 l\u00e0m gi\u1ea3m nguy c\u01a1 b\u1ecbnhi\u1ec5m tr\u00f9ng v\u00ec sau khi sinh c\u1ed5 t\u1eed cung c\u1ee7a b\u1ea1n v\u1eabn ch\u01b0a l\u00e0nh v\u00e0 c\u00f2n h\u1edf v\u00e0 n\u1ebfu b\u1ea1n quan h\u1ec7 t t\u00ecnh d\u1ee5c th\u00ec vi\u1ec7c \u0111\u00f3 c\u00f3 th\u1ec3 l\u00e0m t\u0103ng nguy c\u01a1 nhi\u1ec5m tr\u00f9ng cho b\u1ea1n .\u0110i\u1ec1u quan tr\u1ecdng \u0111\u1ec3 c\u01a1 th\u1ec3 c\u00f3 th\u1ec3 h\u1ed3i ph\u1ee5c t\u1ed1t c\u0169ng nh\u01b0 d\u00e0nh th\u1eddi gian v\u1edbi con b\u1ea1n. Ngo\u00e0i ra c\u0169ng c\u1ea7n ph\u1ea3i ngh\u0129 \u0111\u1ebfn c\u1ea3m x\u00fac c\u1ee7a b\u1ea1n, \u0111\u00f4ikhi nh\u1eefng vi\u1ec7c nh\u01b0 cho con b\u00fa s\u1eefa m\u1eb9 c\u0169ng c\u00f3 th\u1ec3 \u1ea3nh h\u01b0\u1edfng \u0111\u1ebfn \u00e2m \u0111\u1ea1o, th\u1ef1c t\u1ebf l\u00e0 c\u00f3 th\u1ec3 khi\u1ebfn \u00e2m \u0111\u1ea1o kh\u00f4 h\u01a1n. Cho con b\u00fa s\u1eefa m\u1eb9 l\u00e0 m\u1ed9t \u0111i\u1ec1u tuy\u1ec7t v\u1eddi, n\u00f3 c\u00f3 th\u1ec3 \u1ea3nh h\u01b0\u1edfng \u0111\u1ebfn \u00e2m \u0111\u1ea1o c\u1ee7a b\u1ea1n v\u00e0 n\u00f3 c\u00f3 th\u1ec3 \u1ea3nh h\u01b0\u1edfng \u0111\u1ebfn c\u1ea3m gi\u00e1c quan h\u1ec7 t\u00ecnh d\u1ee5c b\u1edfi v\u00ec c\u00f3 th\u1ec3 l\u00e0m cho \u00e2m \u0111\u1ea1o kh\u00f4. B\u1ea1n l\u00e0 ng\u01b0\u1eddi l\u1ef1a ch\u1ecdn khi n\u00e0o b\u1ea1n mu\u1ed1n quan h\u1ec7 t\u00ecnh d\u1ee5c \u0111\u1ec3 b\u1ea1n c\u1ea3m th\u1ea5y tho\u1ea3i m\u00e1i v\u00e0 \u0111\u00f3 l\u00e0 ph\u01b0\u01a1ng c\u00e1ch t\u1ed1t cho b\u1ea1n v\u00e0 cho ch\u1ed3ng\/b\u1ea1n trai c\u1ee7a b\u1ea1n.<\/p>\n\n<\/div>\n<hr class=\"featurette-divider\" style=\"margin:3rem 0\">\n\n<h3>C\u00f3 nh\u1eefng ph\u01b0\u01a1ng ph\u00e1p ng\u1eeba thai n\u00e0o c\u00f3 s\u1eb5n \u0111\u1ec3 t\u00f4i ch\u1ecdn l\u1ef1a n\u1ebfu t\u00f4i kh\u00f4ng c\u00f3 d\u1ef1 \u0111\u1ecbnh mang thai?<\/h3>\n<div>\n    <p>Ph\u1ee5 n\u1eef sau khi sanh c\u00f3 nhi\u1ec1u ph\u01b0\u01a1ng ph\u00e1p \u0111\u1ec3 ch\u1ecdn l\u1ef1a, v\u00e0 ph\u01b0\u01a1ng ph\u00e1p b\u1ea1n ch\u1ecdn ph\u1ee5 thu\u1ed9c v\u00e0o nhi\u1ec1u y\u1ebfu t\u1ed1. B\u1ea1n c\u1ea7n th\u1ea3o lu\u1eadn v\u1edbi b\u00e1c s\u0129 c\u1ee7a b\u1ea1n v\u1ec1 vi\u1ec7c b\u1ea1n c\u00f3 \u00fd \u0111\u1ecbnh mang thai trong th\u1eddi gian t\u1edbi hay kh\u00f4ng, b\u1ea1n c\u00f3 mu\u1ed1n c\u00f3 th\u00eam con hay kh\u00f4ng, ho\u1eb7c b\u1ea1n c\u00f3 d\u1ef1 \u0111\u1ecbnh ch\u1edd m\u1ed9t th\u1eddi gian r\u1ed3i m\u1edbi mang thai hay kh\u00f4ng. B\u1ea1n n\u00ean b\u00e0n th\u1ea3o v\u1ec1 b\u1ec7nh tr\u1ea1ng c\u1ee7a b\u1ea1n, \u0111\u1ec3 ch\u00fang t\u00f4i c\u00f3 th\u1ec3 \u0111i\u1ec1u ch\u1ec9nh c\u00e1c lo\u1ea1i ng\u1eeba thai ph\u00f9 h\u1ee3p cho b\u1ea1n. N\u1ebfu b\u1ea1n kh\u00f4ng mu\u1ed1n sanh n\u1eefa, ph\u01b0\u01a1ng ph\u00e1p ch\u1ecdn t\u1ed1t l\u00e0 b\u1ea1n hay ch\u1ed3ng\/b\u1ea1n trai tri\u1ec7t s\u1ea3n. M\u1ed9t l\u1ea7n n\u1eefa, \u0111i\u1ec1u \u0111\u00f3 c\u00f3 ngh\u0129a l\u00e0 b\u1ea1n kh\u00f4ng th\u1ec3 n\u00e0o c\u00f3 con n\u1eefa v\u00e0 b\u1ea1n ph\u1ea3i suy ngh\u0129 ch\u00ednh ch\u1eafn khi quy\u1ebft \u0111\u1ecbnh ph\u01b0\u01a1ng ph\u00e1p n\u00e0y. C\u00f3 ph\u01b0\u01a1ng ph\u00e1p l\u1ef1a ch\u1ecdn r\u1ea5t t\u1ed1t kh\u00e1c l\u00e0 que c\u1ea5y ng\u1eeba thai, c\u00e1ch ng\u1eeba thai n\u00e0y c\u00f3 hi\u1ec7u d\u1ee5ng t\u1edbi ba n\u0103m, v\u00e0 b\u00e1c s\u0129 c\u00f3 th\u1ec3 l\u1ea5y ra b\u1ea5t c\u1ee9 l\u00fac n\u00e0o tr\u01b0\u1edbc th\u1eddi \u0111i\u1ec3m \u0111\u00f3 n\u1ebfu b\u1ea1n kh\u00f4ng mu\u1ed1n ch\u1edd \u0111\u1ebfn 3 n\u1eb7m, ph\u01b0\u01a1ng ph\u00e1p kh\u00e1c l\u00e0 v\u00f2ng ng\u1eeba thai  c\u00f3 hi\u1ec7u  d\u1ee5ng t\u1eeb 3, 5, \u0111\u1ebfn 10 n\u0103m v\u00e0 \u0111\u00f3 c\u0169ng l\u00e0 c\u00e1c ph\u01b0\u01a1ng ph\u00e1p ng\u1eeba thai t\u1ed1t. Nh\u1eefng ph\u01b0\u01a1ng ph\u00e1p tri\u1ec7t s\u00e3n, c\u1ea5y que, v\u00e0 \u0111\u1eb7t v\u00f2ng l\u00e0 nh\u1eefng ph\u01b0\u01a1ng ph\u00e1p hi\u1ec7u nghi\u1ec7m nh\u1ea5t. Sau \u0111\u00f3 c\u00f3 nh\u1eefng ph\u01b0\u01a1ng ph\u00e1p v\u1edbi th\u1eddi gian hi\u1ec7u d\u1ee5ng ng\u1eafn h\u01a1n th\u1ebf, ch\u1eb3ng h\u1ea1n nh\u01b0 depo-shot m\u00e0 b\u1ea1n \u0111\u01b0\u1ee3c ch\u00edch ba th\u00e1ng m\u1ed9t l\u1ea7n, c\u0169ng nh\u01b0 thu\u1ed1c vi\u00ean ng\u1eeba thai, cao d\u00e1n ng\u1eeba thai, v\u00e0 v\u00f2ng ng\u1eeba thai m\u00e0 b\u1ea1n ph\u1ea3i d\u00f9ng m\u1ed7i ng\u00e0y, m\u1ed7itu\u1ea7n ho\u1eb7c m\u1ed7i th\u00e1ng. Nh\u01b0 th\u1ebf, c\u00f3 r\u1ea5t nhi\u1ec1u ph\u01b0\u01a1ng ph\u00e1p \u0111\u1ec3 ch\u1ecdn v\u00e0 vi\u1ec7c \u0111\u00f3 th\u1ef1c s\u1ef1 ph\u1ee5 thu\u1ed9c v\u00e0o l\u1ef1a ch\u1ecdn n\u00e0o ph\u00f9 h\u1ee3p nh\u1ea5t v\u1edbi b\u1ea1n v\u1edbi t\u01b0 c\u00e1ch l\u00e0 b\u1ec7nh nh\u00e2n v\u00e0 v\u1edbi ng\u01b0\u1eddi b\u1ea1n \u0111\u1eddi c\u1ee7a b\u1ea1n.<\/p>\n\n<\/div>\n<hr class=\"featurette-divider\" style=\"margin:3rem 0\">\n\n<h3>T\u00f4i n\u00ean ch\u1edd bao l\u00e2u m\u1edbi c\u00f3 con n\u1eefa?<\/h3>\n<div>\n    <p>B\u1ea1n ph\u1ea3i ch\u1edd bao l\u00e2u n\u1eefa tr\u01b0\u1edbc khi sinh th\u00eam con \u0111\u00e2y th\u1ef1c s\u1ef1 l\u00e0 m\u1ed9t c\u00e2u h\u1ecfi v\u1ec1 c\u00e1 nh\u00e2n.v\u00ec v\u1eady b\u1ea1n v\u00e0 ng\u01b0\u1eddi b\u1ea1n \u0111\u1eddi c\u1ee7a b\u1ea1n n\u00ean b\u00e0n b\u1ea1c \u00fd ki\u1ebfn c\u1ee7a haing\u01b0\u1eddi v\u1ec1 s\u1ed1 ng\u01b0\u1eddi trong gia \u0111inh, v\u00e0 hai b\u1ea1n mu\u1ed1n c\u00f3 bao nhi\u00eau con. \u0110\u1ed1i v\u1edbi m\u1ed9t s\u1ed1 ng\u01b0\u1eddi, h\u1ecd mu\u1ed1n c\u00f3 nhi\u1ec1u con v\u00ec v\u1eady h\u1ecd ngh\u0129 r\u1eb1ng t\u1ed1t nh\u1ea5t l\u00e0 sinh con g\u1ea7n nhau. \u0110i\u1ec1u quan tr\u1ecdng l\u00e0 c\u1ea7n ph\u1ea3i c\u00f3 kho\u1ea3ng c\u00e1ch c\u00e1c th\u1eddi thai ngh\u00e9n sao cho ng\u01b0\u1eddi m\u1eb9 c\u00f3 th\u1eddi gian ph\u1ee5c h\u1ed3i v\u00e0 c\u01a1 h\u1ed9i g\u1eafn b\u00f3 v\u1edbi em b\u00e9 v\u00e0 chu\u1ea9n b\u1ecb s\u1eb5n s\u00e0ng cho l\u1ea7n mang thai ti\u1ebfp theo. V\u00ec v\u1eady, theo nhi\u1ec1u cu\u1ed9c nghi\u00ean c\u1ee9u kh\u00e1c nhau, m\u1ed9t trong nh\u1eefng th\u1eddi \u0111i\u1ec3m t\u1ed1i \u01b0u \u0111\u1ec3 c\u00f3 thai l\u00e0 kho\u1ea3ng 18 th\u00e1ng sau, \u0111i\u1ec1u \u0111\u00f3 cho ph\u00e9p b\u1ea1n c\u00f3 th\u1eddi gian \u0111\u1ec3 b\u00ecnh ph\u1ee5c v\u00e0 g\u1eafn b\u00f3 v\u1edbi con b\u1ea1n. Cu\u1ed1i c\u00f9ng, m\u1ed7i ph\u1ee5 n\u1eef m\u1ed9t kh\u00e1c, v\u00e0 s\u1ebd t\u00f9y thu\u1ed9c v\u00e0o k\u1ebf ho\u1ea1ch mang thai c\u1ee7a b\u1ea1n, v\u00e0 vi\u1ec7c b\u1ea1n mu\u1ed1n c\u00f3 bao nhi\u00eau con, nh\u01b0ng t\u00f4i ngh\u0129 ch\u1edd kho\u1ea3ng 18 th\u00e1ng l\u00e0 m\u1ed9t \u0111i\u1ec1u t\u1ed1t.<\/p>\n\n<\/div>\n<hr class=\"featurette-divider\" style=\"margin:3rem 0\">","protected":false},"excerpt":{"rendered":"","protected":false},"author":1,"featured_media":215,"parent":0,"menu_order":2,"comment_status":"closed","ping_status":"closed","template":"content-page.php","meta":{"_acf_changed":false,"om_disable_all_campaigns":false,"_monsterinsights_skip_tracking":false,"_monsterinsights_sitenote_active":false,"_monsterinsights_sitenote_note":"","_monsterinsights_sitenote_category":0,"footnotes":""},"class_list":["post-308","page","type-page","status-publish","has-post-thumbnail","hentry"],"acf":[],"aioseo_notices":[],"_links":{"self":[{"href":"https:\/\/worcesterhealthybaby.org\/pc\/wp-json\/wp\/v2\/pages\/308","targetHints":{"allow":["GET"]}}],"collection":[{"href":"https:\/\/worcesterhealthybaby.org\/pc\/wp-json\/wp\/v2\/pages"}],"about":[{"href":"https:\/\/worcesterhealthybaby.org\/pc\/wp-json\/wp\/v2\/types\/page"}],"author":[{"embeddable":true,"href":"https:\/\/worcesterhealthybaby.org\/pc\/wp-json\/wp\/v2\/users\/1"}],"replies":[{"embeddable":true,"href":"https:\/\/worcesterhealthybaby.org\/pc\/wp-json\/wp\/v2\/comments?post=308"}],"version-history":[{"count":5,"href":"https:\/\/worcesterhealthybaby.org\/pc\/wp-json\/wp\/v2\/pages\/308\/revisions"}],"predecessor-version":[{"id":560,"href":"https:\/\/worcesterhealthybaby.org\/pc\/wp-json\/wp\/v2\/pages\/308\/revisions\/560"}],"wp:featuredmedia":[{"embeddable":true,"href":"https:\/\/worcesterhealthybaby.org\/pc\/wp-json\/wp\/v2\/media\/215"}],"wp:attachment":[{"href":"https:\/\/worcesterhealthybaby.org\/pc\/wp-json\/wp\/v2\/media?parent=308"}],"curies":[{"name":"wp","href":"https:\/\/api.w.org\/{rel}","templated":true}]}}