{"id":403,"date":"2022-01-01T15:44:29","date_gmt":"2022-01-01T15:44:29","guid":{"rendered":"https:\/\/whbc-pc.rachelandalex.com\/?page_id=403"},"modified":"2022-03-21T19:29:56","modified_gmt":"2022-03-21T19:29:56","slug":"resources-5","status":"publish","type":"page","link":"https:\/\/worcesterhealthybaby.org\/pc\/vi\/resources-5\/","title":{"rendered":"T\u00e0i nguy\u00ean"},"content":{"rendered":"<h5 class=\"text-right text-muted title-subhead\">\n    C\u00e1c t\u1ed5 ch\u1ee9c \u0111\u1ecba ph\u01b0\u01a1ng \u0111ang \u1edf \u0111\u00e2y \u0111\u1ec3 gi\u00fap b\u1ea1n v\u00e0 con nh\u1ecf c\u1ee7a b\u1ea1n.\n<\/h5>\n<\/div><\/div><!-- .container marketing -->\n\n<div data-post-id=\"175\" class=\"insert-page insert-page-175 col-md-6\">              <a href=\"http:\/\/www.fhcw.org\/en\/Home\" target=\"_blank\" class=\"pull-right parents-subject\">\n                <div class=\"col-md-12 parents-subject-container resources-container overflow-hidden p-0\">\n                  <div class=\"card card-resources mb-4 box-shadow overflow-hidden\">\n                  <img decoding=\"async\" src=\"https:\/\/worcesterhealthybaby.org\/pc\/wp-content\/uploads\/2021\/12\/logo_fhcw.png\" class=\"img-fluid p-2\">\n                    <div class=\"card-body\">\n                      <h5>\n                        Family Health Center of Worcester                      <\/h5>\n                      <p class=\"card-text\">\n                                              <\/p>\n                      <div class=\"d-flex justify-content-between align-items-center\">\n                        <div class=\"btn-group\" style=\"display:block;width:100%\">\n                          <button type=\"button\" class=\"btn btn-sm btn-outline-secondary\">Visit<\/button>\n                        <\/div>\n                      <\/div>\n                    <\/div>\n                  <\/div>\n                <\/div>\n              <\/a><\/div>\n\n<div data-post-id=\"179\" class=\"insert-page insert-page-179 col-md-6\">              <a href=\"https:\/\/www.kennedychc.org\/\" target=\"_blank\" class=\"pull-right parents-subject\">\n                <div class=\"col-md-12 parents-subject-container resources-container overflow-hidden p-0\">\n                  <div class=\"card card-resources mb-4 box-shadow overflow-hidden\">\n                  <img decoding=\"async\" src=\"https:\/\/worcesterhealthybaby.org\/pc\/wp-content\/uploads\/2021\/12\/logo_emkc.png\" class=\"img-fluid p-2\">\n                    <div class=\"card-body\">\n                      <h5>\n                        Edward M. Kennedy Community Health Center                      <\/h5>\n                      <p class=\"card-text\">\n                                              <\/p>\n                      <div class=\"d-flex justify-content-between align-items-center\">\n                        <div class=\"btn-group\" style=\"display:block;width:100%\">\n                          <button type=\"button\" class=\"btn btn-sm btn-outline-secondary\">Visit<\/button>\n                        <\/div>\n                      <\/div>\n                    <\/div>\n                  <\/div>\n                <\/div>\n              <\/a><\/div>\n\n<div data-post-id=\"186\" class=\"insert-page insert-page-186 col-md-6\">              <a href=\"https:\/\/www.pernetfamilyhealth.org\/\" target=\"_blank\" class=\"pull-right parents-subject\">\n                <div class=\"col-md-12 parents-subject-container resources-container overflow-hidden p-0\">\n                  <div class=\"card card-resources mb-4 box-shadow overflow-hidden\">\n                  <img decoding=\"async\" src=\"https:\/\/worcesterhealthybaby.org\/pc\/wp-content\/uploads\/2021\/12\/logo_pernet.png\" class=\"img-fluid p-2\">\n                    <div class=\"card-body\">\n                      <h5>\n                        Pernet Family Health Service                      <\/h5>\n                      <p class=\"card-text\">\n                                              <\/p>\n                      <div class=\"d-flex justify-content-between align-items-center\">\n                        <div class=\"btn-group\" style=\"display:block;width:100%\">\n                          <button type=\"button\" class=\"btn btn-sm btn-outline-secondary\">Visit<\/button>\n                        <\/div>\n                      <\/div>\n                    <\/div>\n                  <\/div>\n                <\/div>\n              <\/a><\/div>\n\n<div data-post-id=\"150\" class=\"insert-page insert-page-150 col-md-6\">              <a href=\"https:\/\/www.plannedparenthood.org\/health-center\/massachusetts\/worcester\/01609\/central-massachusetts-health-center-2660-90610\" target=\"_blank\" class=\"pull-right parents-subject\">\n                <div class=\"col-md-12 parents-subject-container resources-container overflow-hidden p-0\">\n                  <div class=\"card card-resources mb-4 box-shadow overflow-hidden\">\n                  <img decoding=\"async\" src=\"https:\/\/worcesterhealthybaby.org\/pc\/wp-content\/uploads\/2021\/12\/logo_pp.png\" class=\"img-fluid p-2\">\n                    <div class=\"card-body\">\n                      <h5>\n                        Planned Parenthood                      <\/h5>\n                      <p class=\"card-text\">\n                                              <\/p>\n                      <div class=\"d-flex justify-content-between align-items-center\">\n                        <div class=\"btn-group\" style=\"display:block;width:100%\">\n                          <button type=\"button\" class=\"btn btn-sm btn-outline-secondary\">Visit<\/button>\n                        <\/div>\n                      <\/div>\n                    <\/div>\n                  <\/div>\n                <\/div>\n              <\/a><\/div>\n\n<div data-post-id=\"235\" class=\"insert-page insert-page-235 col-md-6\">              <a href=\"https:\/\/www.mass.gov\/locations\/worcester-wic-program-main-clinic\" target=\"_blank\" class=\"pull-right parents-subject\">\n                <div class=\"col-md-12 parents-subject-container resources-container overflow-hidden p-0\">\n                  <div class=\"card card-resources mb-4 box-shadow overflow-hidden\">\n                  <img decoding=\"async\" src=\"https:\/\/worcesterhealthybaby.org\/pc\/wp-content\/uploads\/2021\/12\/logo_wic.png\" class=\"img-fluid p-2\">\n                    <div class=\"card-body\">\n                      <h5>\n                        Women, Infants and Children                      <\/h5>\n                      <p class=\"card-text\">\n                                              <\/p>\n                      <div class=\"d-flex justify-content-between align-items-center\">\n                        <div class=\"btn-group\" style=\"display:block;width:100%\">\n                          <button type=\"button\" class=\"btn btn-sm btn-outline-secondary\">Visit<\/button>\n                        <\/div>\n                      <\/div>\n                    <\/div>\n                  <\/div>\n                <\/div>\n              <\/a><\/div>\n\n<div data-post-id=\"240\" class=\"insert-page insert-page-240 col-md-6\">              <a href=\"https:\/\/ywcacm.org\/\" target=\"_blank\" class=\"pull-right parents-subject\">\n                <div class=\"col-md-12 parents-subject-container resources-container overflow-hidden p-0\">\n                  <div class=\"card card-resources mb-4 box-shadow overflow-hidden\">\n                  <img decoding=\"async\" src=\"https:\/\/worcesterhealthybaby.org\/pc\/wp-content\/uploads\/2021\/12\/logo_ywca.png\" class=\"img-fluid p-2\">\n                    <div class=\"card-body\">\n                      <h5>\n                        YWCA of Central Massachusetts                      <\/h5>\n                      <p class=\"card-text\">\n                                              <\/p>\n                      <div class=\"d-flex justify-content-between align-items-center\">\n                        <div class=\"btn-group\" style=\"display:block;width:100%\">\n                          <button type=\"button\" class=\"btn btn-sm btn-outline-secondary\">Visit<\/button>\n                        <\/div>\n                      <\/div>\n                    <\/div>\n                  <\/div>\n                <\/div>\n              <\/a><\/div>\n\n<div data-post-id=\"244\" class=\"insert-page insert-page-244 col-md-6\">              <a href=\"https:\/\/www.marchofdimes.org\/baby\/caring-for-your-baby.aspx\" target=\"_blank\" class=\"pull-right parents-subject\">\n                <div class=\"col-md-12 parents-subject-container resources-container overflow-hidden p-0\">\n                  <div class=\"card card-resources mb-4 box-shadow overflow-hidden\">\n                  <img decoding=\"async\" src=\"https:\/\/worcesterhealthybaby.org\/pc\/wp-content\/uploads\/2021\/12\/logo_mod.png\" class=\"img-fluid p-2\">\n                    <div class=\"card-body\">\n                      <h5>\n                        March of Dimess                      <\/h5>\n                      <p class=\"card-text\">\n                                              <\/p>\n                      <div class=\"d-flex justify-content-between align-items-center\">\n                        <div class=\"btn-group\" style=\"display:block;width:100%\">\n                          <button type=\"button\" class=\"btn btn-sm btn-outline-secondary\">Visit<\/button>\n                        <\/div>\n                      <\/div>\n                    <\/div>\n                  <\/div>\n                <\/div>\n              <\/a><\/div>\n\n<div data-post-id=\"143\" class=\"insert-page insert-page-143 col-md-6\">              <a href=\"https:\/\/grouppeersupport.org\/gps-groups\/\" target=\"_blank\" class=\"pull-right parents-subject\">\n                <div class=\"col-md-12 parents-subject-container resources-container overflow-hidden p-0\">\n                  <div class=\"card card-resources mb-4 box-shadow overflow-hidden\">\n                  <img decoding=\"async\" src=\"https:\/\/worcesterhealthybaby.org\/pc\/wp-content\/uploads\/2021\/12\/logo_gps.png\" class=\"img-fluid p-2\">\n                    <div class=\"card-body\">\n                      <h5>\n                        Group Peer Support                      <\/h5>\n                      <p class=\"card-text\">\n                                              <\/p>\n                      <div class=\"d-flex justify-content-between align-items-center\">\n                        <div class=\"btn-group\" style=\"display:block;width:100%\">\n                          <button type=\"button\" class=\"btn btn-sm btn-outline-secondary\">Visit<\/button>\n                        <\/div>\n                      <\/div>\n                    <\/div>\n                  <\/div>\n                <\/div>\n              <\/a><\/div>\n\n<div data-post-id=\"100\" class=\"insert-page insert-page-100 col-md-6\">              <a href=\"https:\/\/www.mcpapformoms.org\/Resources\/SupportGroups.aspx\" target=\"_blank\" class=\"pull-right parents-subject\">\n                <div class=\"col-md-12 parents-subject-container resources-container overflow-hidden p-0\">\n                  <div class=\"card card-resources mb-4 box-shadow overflow-hidden\">\n                  <img decoding=\"async\" src=\"https:\/\/worcesterhealthybaby.org\/pc\/wp-content\/uploads\/2021\/12\/logo_mcpap.png\" class=\"img-fluid p-2\">\n                    <div class=\"card-body\">\n                      <h5>\n                        Massachusetts Child Psychiatry Access Program for Moms                      <\/h5>\n                      <p class=\"card-text\">\n                                              <\/p>\n                      <div class=\"d-flex justify-content-between align-items-center\">\n                        <div class=\"btn-group\" style=\"display:block;width:100%\">\n                          <button type=\"button\" class=\"btn btn-sm btn-outline-secondary\">Visit<\/button>\n                        <\/div>\n                      <\/div>\n                    <\/div>\n                  <\/div>\n                <\/div>\n              <\/a><\/div>\n\n<div data-post-id=\"248\" class=\"insert-page insert-page-248 col-md-6\">              <a href=\"https:\/\/www.text4baby.org\/\" target=\"_blank\" class=\"pull-right parents-subject\">\n                <div class=\"col-md-12 parents-subject-container resources-container overflow-hidden p-0\">\n                  <div class=\"card card-resources mb-4 box-shadow overflow-hidden\">\n                  <img decoding=\"async\" src=\"https:\/\/worcesterhealthybaby.org\/pc\/wp-content\/uploads\/2021\/12\/logo_text4baby.png\" class=\"img-fluid p-2\">\n                    <div class=\"card-body\">\n                      <h5>\n                        text4baby                      <\/h5>\n                      <p class=\"card-text\">\n                                              <\/p>\n                      <div class=\"d-flex justify-content-between align-items-center\">\n                        <div class=\"btn-group\" style=\"display:block;width:100%\">\n                          <button type=\"button\" class=\"btn btn-sm btn-outline-secondary\">Visit<\/button>\n                        <\/div>\n                      <\/div>\n                    <\/div>\n                  <\/div>\n                <\/div>\n              <\/a><\/div>\n\n<div data-post-id=\"485\" class=\"insert-page insert-page-485 col-md-6\">              <a href=\"http:\/\/www.emptyarmsbereavement.org\/\" target=\"_blank\" class=\"pull-right parents-subject\">\n                <div class=\"col-md-12 parents-subject-container resources-container overflow-hidden p-0\">\n                  <div class=\"card card-resources mb-4 box-shadow overflow-hidden\">\n                  <img decoding=\"async\" src=\"https:\/\/worcesterhealthybaby.org\/pc\/wp-content\/uploads\/2022\/01\/logo_emptyarms.png\" class=\"img-fluid p-2\">\n                    <div class=\"card-body\">\n                      <h5>\n                        Empty Arms                      <\/h5>\n                      <p class=\"card-text\">\n                                              <\/p>\n                      <div class=\"d-flex justify-content-between align-items-center\">\n                        <div class=\"btn-group\" style=\"display:block;width:100%\">\n                          <button type=\"button\" class=\"btn btn-sm btn-outline-secondary\">Visit<\/button>\n                        <\/div>\n                      <\/div>\n                    <\/div>\n                  <\/div>\n                <\/div>\n              <\/a><\/div>\n\n<div data-post-id=\"490\" class=\"insert-page insert-page-490 col-md-6\">              <a href=\"http:\/\/www.magriefcenter.org\/\" target=\"_blank\" class=\"pull-right parents-subject\">\n                <div class=\"col-md-12 parents-subject-container resources-container overflow-hidden p-0\">\n                  <div class=\"card card-resources mb-4 box-shadow overflow-hidden\">\n                  <img decoding=\"async\" src=\"https:\/\/worcesterhealthybaby.org\/pc\/wp-content\/uploads\/2022\/01\/logo_massachusettscenter.png\" class=\"img-fluid p-2\">\n                    <div class=\"card-body\">\n                      <h5>\n                        Massachusetts Center for Unexpected Infant &amp; Child Death                      <\/h5>\n                      <p class=\"card-text\">\n                                              <\/p>\n                      <div class=\"d-flex justify-content-between align-items-center\">\n                        <div class=\"btn-group\" style=\"display:block;width:100%\">\n                          <button type=\"button\" class=\"btn btn-sm btn-outline-secondary\">Visit<\/button>\n                        <\/div>\n                      <\/div>\n                    <\/div>\n                  <\/div>\n                <\/div>\n              <\/a><\/div>\n\n<div data-post-id=\"527\" class=\"insert-page insert-page-527 col-md-6\">              <a href=\"https:\/\/psichapters.com\/ma\/\" target=\"_blank\" class=\"pull-right parents-subject\">\n                <div class=\"col-md-12 parents-subject-container resources-container overflow-hidden p-0\">\n                  <div class=\"card card-resources mb-4 box-shadow overflow-hidden\">\n                  <img decoding=\"async\" src=\"https:\/\/worcesterhealthybaby.org\/pc\/wp-content\/uploads\/2022\/03\/logo_psi.png\" class=\"img-fluid p-2\">\n                    <div class=\"card-body\">\n                      <h5>\n                        Postpartum Support International                      <\/h5>\n                      <p class=\"card-text\">\n                                              <\/p>\n                      <div class=\"d-flex justify-content-between align-items-center\">\n                        <div class=\"btn-group\" style=\"display:block;width:100%\">\n                          <button type=\"button\" class=\"btn btn-sm btn-outline-secondary\">Visit<\/button>\n                        <\/div>\n                      <\/div>\n                    <\/div>\n                  <\/div>\n                <\/div>\n              <\/a><\/div>\n\n<div data-post-id=\"536\" class=\"insert-page insert-page-536 col-md-6\">              <a href=\"https:\/\/massppdfund.org\/get-help\" target=\"_blank\" class=\"pull-right parents-subject\">\n                <div class=\"col-md-12 parents-subject-container resources-container overflow-hidden p-0\">\n                  <div class=\"card card-resources mb-4 box-shadow overflow-hidden\">\n                  <img decoding=\"async\" src=\"https:\/\/worcesterhealthybaby.org\/pc\/wp-content\/uploads\/2022\/03\/logo_massppdfund.png\" class=\"img-fluid p-2\">\n                    <div class=\"card-body\">\n                      <h5>\n                        Mass. PPD Fund                      <\/h5>\n                      <p class=\"card-text\">\n                                              <\/p>\n                      <div class=\"d-flex justify-content-between align-items-center\">\n                        <div class=\"btn-group\" style=\"display:block;width:100%\">\n                          <button type=\"button\" class=\"btn btn-sm btn-outline-secondary\">Visit<\/button>\n                        <\/div>\n                      <\/div>\n                    <\/div>\n                  <\/div>\n                <\/div>\n              <\/a><\/div>","protected":false},"excerpt":{"rendered":"","protected":false},"author":1,"featured_media":217,"parent":0,"menu_order":4,"comment_status":"closed","ping_status":"closed","template":"resources.php","meta":{"_acf_changed":false,"om_disable_all_campaigns":false,"_monsterinsights_skip_tracking":false,"_monsterinsights_sitenote_active":false,"_monsterinsights_sitenote_note":"","_monsterinsights_sitenote_category":0,"footnotes":""},"class_list":["post-403","page","type-page","status-publish","has-post-thumbnail","hentry"],"acf":[],"aioseo_notices":[],"_links":{"self":[{"href":"https:\/\/worcesterhealthybaby.org\/pc\/wp-json\/wp\/v2\/pages\/403","targetHints":{"allow":["GET"]}}],"collection":[{"href":"https:\/\/worcesterhealthybaby.org\/pc\/wp-json\/wp\/v2\/pages"}],"about":[{"href":"https:\/\/worcesterhealthybaby.org\/pc\/wp-json\/wp\/v2\/types\/page"}],"author":[{"embeddable":true,"href":"https:\/\/worcesterhealthybaby.org\/pc\/wp-json\/wp\/v2\/users\/1"}],"replies":[{"embeddable":true,"href":"https:\/\/worcesterhealthybaby.org\/pc\/wp-json\/wp\/v2\/comments?post=403"}],"version-history":[{"count":7,"href":"https:\/\/worcesterhealthybaby.org\/pc\/wp-json\/wp\/v2\/pages\/403\/revisions"}],"predecessor-version":[{"id":544,"href":"https:\/\/worcesterhealthybaby.org\/pc\/wp-json\/wp\/v2\/pages\/403\/revisions\/544"}],"wp:featuredmedia":[{"embeddable":true,"href":"https:\/\/worcesterhealthybaby.org\/pc\/wp-json\/wp\/v2\/media\/217"}],"wp:attachment":[{"href":"https:\/\/worcesterhealthybaby.org\/pc\/wp-json\/wp\/v2\/media?parent=403"}],"curies":[{"name":"wp","href":"https:\/\/api.w.org\/{rel}","templated":true}]}}